{"id":7677,"date":"2023-03-01T23:12:02","date_gmt":"2023-03-01T22:12:02","guid":{"rendered":"https:\/\/mobilrepair.dk\/terms-and-conditions\/"},"modified":"2023-08-29T10:43:21","modified_gmt":"2023-08-29T08:43:21","slug":"terms-and-conditions","status":"publish","type":"page","link":"https:\/\/mobilrepair.dk\/no\/terms-and-conditions\/","title":{"rendered":"Terms and Conditions"},"content":{"rendered":"<!-- This legal document was generated by Complianz Terms &amp; Conditions https:\/\/wordpress.org\/plugins\/complianz-terms-conditions -->\n<div id=\"cmplz-document\" class=\"cmplz-document cmplz-terms-conditions\"><p><i>Vilk\u00e5rene ble sist oppdatert 29. august, 2023<\/i><\/p><h2>1. Introduksjon<\/h2><p>Disse vilk\u00e5rene og betingelsene gjelder for denne nettsiden og for transaksjoner knyttet til v\u00e5re produkter og tjenester.&nbsp;Du kan v\u00e6re bundet av tilleggskontrakter knyttet til forholdet ditt til oss eller produkter eller tjenester du mottar fra oss.&nbsp;Hvis noen bestemmelser i tilleggskontraktene er i konflikt med noen av bestemmelsene i disse vilk\u00e5rene, vil bestemmelsene i disse tilleggskontraktene kontrollere og ha forrang.<\/p><h2>2. Binding<\/h2><p>Ved \u00e5 registrere deg p\u00e5, f\u00e5 tilgang til eller p\u00e5 annen m\u00e5te bruke denne nettsiden, godtar du herved \u00e5 v\u00e6re bundet av disse vilk\u00e5rene og betingelsene som er angitt nedenfor.&nbsp;Bare bruken av denne nettsiden inneb\u00e6rer kunnskap om og aksept av disse vilk\u00e5rene og betingelsene.&nbsp;I noen spesielle tilfeller kan vi ogs\u00e5 be deg om \u00e5 uttrykkelig samtykke.<\/p><h2>3. Elektronisk kommunikasjon<\/h2><p>Ved \u00e5 bruke denne nettsiden eller kommunisere med oss p\u00e5 elektronisk m\u00e5te, godtar og erkjenner du at vi kan kommunisere med deg elektronisk p\u00e5 nettstedet v\u00e5rt eller ved \u00e5 sende en e-post til deg, og du godtar at alle avtaler, merknader, avsl\u00f8ringer og annen kommunikasjon som vi gi deg elektronisk tilfredsstille ethvert juridisk krav, inkludert, men ikke begrenset til, kravet om at slik kommunikasjon skal v\u00e6re skriftlig.<\/p><h2>4. \u00c5ndsverk<\/h2><p>Vi eller v\u00e5re lisensgivere eier og kontrollerer all opphavsrett og andre immaterielle rettigheter p\u00e5 nettstedet og dataene, informasjonen og andre ressurser som vises av eller er tilgjengelige p\u00e5 nettstedet.<\/p><p class=\"cmplz-subtitle\">4.1 Alle rettigheter er forbeholdt<\/p><p>Med mindre spesifikt innhold tilsier noe annet, gis du ikke en lisens eller noen annen rettighet under opphavsrett, varemerke, patent eller andre immaterielle rettigheter.&nbsp;Dette betyr at du ikke vil bruke, kopiere, reprodusere, fremf\u00f8re, vise, distribuere, legge inn i noe elektronisk medium, endre, reversere, dekompilere, overf\u00f8re, laste ned, overf\u00f8re, tjene penger p\u00e5, selge, markedsf\u00f8re eller kommersialisere noen ressurser p\u00e5 denne nettsiden i hvilken som helst form, uten v\u00e5r skriftlige tillatelse p\u00e5 forh\u00e5nd, unntatt og bare i den grad annet er fastsatt i forskrifter i ufravikelig lov (for eksempel retten til \u00e5 sitere).<\/p><h2>5. Nyhetsbrev<\/h2><p>Til tross for det foreg\u00e5ende, kan du videresende nyhetsbrevet v\u00e5rt i elektronisk form til andre som kan v\u00e6re interessert i \u00e5 bes\u00f8ke nettstedet v\u00e5rt.<\/p><h2>6. Tredjeparts eiendom<\/h2><p>V\u00e5r nettside kan inneholde hyperkoblinger eller andre referanser til andre parters nettsteder.&nbsp;Vi overv\u00e5ker eller vurderer ikke innholdet p\u00e5 andre parters nettsteder som er lenket til fra denne nettsiden.&nbsp;Produkter eller tjenester som tilbys av andre nettsteder skal v\u00e6re underlagt gjeldende vilk\u00e5r og betingelser for disse tredjepartene.&nbsp;Uttrykte meninger eller materiale som vises p\u00e5 disse nettstedene er ikke n\u00f8dvendigvis delt eller godkjent av oss.<\/p><p>Vi vil ikke v\u00e6re ansvarlige for personvernpraksis eller innhold p\u00e5 disse sidene.&nbsp;Du b\u00e6rer alle risikoer forbundet med bruken av disse nettsidene og eventuelle relaterte tredjepartstjenester.&nbsp;Vi vil ikke p\u00e5ta oss noe ansvar for tap eller skade p\u00e5 hvilken som helst m\u00e5te, uansett hvordan det er for\u00e5rsaket, som f\u00f8lge av din utlevering til tredjeparter av personlig informasjon.<\/p><h2>7. Ansvarlig bruk<\/h2><p>Ved \u00e5 bes\u00f8ke nettstedet v\u00e5rt godtar du \u00e5 bruke det kun til de form\u00e5lene som er tiltenkt og som er tillatt i disse vilk\u00e5rene, eventuelle tilleggskontrakter med oss og gjeldende lover, forskrifter og generelt akseptert nettpraksis og bransjeretningslinjer.&nbsp;Du m\u00e5 ikke bruke nettstedet eller tjenestene v\u00e5re til \u00e5 bruke, publisere eller distribuere noe materiale som best\u00e5r av (eller er knyttet til) skadelig dataprogramvare; bruke data samlet inn fra nettstedet v\u00e5rt for enhver direkte markedsf\u00f8ringsaktivitet, eller utf\u00f8re systematiske eller automatiserte datainnsamlingsaktiviteter p\u00e5 eller i forhold til nettstedet v\u00e5rt.<\/p><p>\u00c5 delta i enhver aktivitet som for\u00e5rsaker, eller kan for\u00e5rsake, skade p\u00e5 nettstedet eller som forstyrrer ytelsen, tilgjengeligheten eller tilgjengeligheten til nettstedet er strengt forbudt.<\/p><h2>8. Retningslinjer for refusjon og retur<\/h2><p class=\"cmplz-subtitle\">8.1 Angrerett<\/p><p>Du har rett til \u00e5 trekke deg fra denne kontrakten innen 14 dager uten \u00e5 oppgi noen grunn.<\/p><p>Angrefristen vil utl\u00f8pe etter 14 dager fra den dagen du anskaffer varene, eller en annen tredjepart enn transport\u00f8ren og angitt av deg erverver varene.<\/p><p>For \u00e5 ut\u00f8ve angreretten m\u00e5 du informere oss om din beslutning om \u00e5 trekke deg fra denne kontrakten med en utvetydig erkl\u00e6ring (for eksempel et brev sendt per post, faks eller e-post).&nbsp;V\u00e5re kontaktdetaljer finner du nedenfor.&nbsp;You may use the attached model <a target=\"_blank\" href=\"https:\/\/mobilrepair.dk\/wp-content\/uploads\/complianz\/withdrawal-forms\/withdrawal-form-nb.pdf\">withdrawal form<\/a>, but it is not obligatory.<\/p><p>You can also electronically fill in and submit the model withdrawal form or any other unequivocal statement on our <a href=\"https:\/\/mobilrepair.dk\/contact\/\"> website<\/a>.<\/p><p>Hvis du bruker dette alternativet, vil vi sende deg en bekreftelse p\u00e5 mottak av et slikt uttak p\u00e5 et varig medium (for eksempel via e-post) uten forsinkelse.<\/p><p>For \u00e5 overholde angrefristen er det tilstrekkelig at du sender din melding om din ut\u00f8velse av angreretten f\u00f8r angrefristen er utl\u00f8pt.<\/p><p class=\"cmplz-subtitle\">8.2 Effekter av tilbaketrekning<\/p><p>Hvis du trekker deg fra denne kontrakten, skal vi refundere deg alle betalinger mottatt fra deg, inkludert leveringskostnadene (med unntak av tilleggskostnadene som f\u00f8lger av ditt valg av en annen type levering enn den billigste typen standardlevering som tilbys av oss), uten un\u00f8dig forsinkelse og i alle fall ikke senere enn 14 dager fra den dagen vi ble informert om din beslutning om \u00e5 trekke deg fra denne kontrakten.&nbsp;Vi vil utf\u00f8re slik refusjon ved \u00e5 bruke samme betalingsmiddel som du brukte for den f\u00f8rste transaksjonen med mindre du uttrykkelig har avtalt noe annet; i alle tilfeller vil du ikke p\u00e5dra deg noen gebyrer som f\u00f8lge av slik refusjon.<\/p><p>Du skal sende tilbake varene eller overlevere dem til oss eller en person som er autorisert av oss til \u00e5 motta varene, uten un\u00f8dig forsinkelse og i alle fall ikke senere enn 14 dager fra den dagen du kommuniserer at du trekker deg fra denne kontrakten til oss.&nbsp;Fristen er overholdt dersom du sender tilbake varene f\u00f8r fristen p\u00e5 14 dager er utl\u00f8pt.<\/p><p>Vi kan holde tilbake refusjon til vi har mottatt varene tilbake eller du har levert bevis for \u00e5 ha sendt tilbake varene, avhengig av hva som er tidligst.<\/p><p>Du m\u00e5 b\u00e6re de direkte kostnadene ved \u00e5 returnere varene.<\/p><p>Du er kun ansvarlig for eventuell redusert verdi av varene som f\u00f8lge av annen h\u00e5ndtering enn det som er n\u00f8dvendig for \u00e5 fastsl\u00e5 varens art, egenskaper og funksjon.<\/p><p>V\u00e6r oppmerksom p\u00e5 at det er noen juridiske unntak fra angreretten, og enkelte varer kan derfor ikke returneres eller byttes.&nbsp;Vi gir deg beskjed om dette gjelder i ditt spesielle tilfelle.<\/p><h2>9. Innlevering av ideer<\/h2><p>Ikke send inn noen ideer, oppfinnelser, forfatterskap eller annen informasjon som kan betraktes som din egen immaterielle eiendom som du \u00f8nsker \u00e5 presentere for oss med mindre vi f\u00f8rst har signert en avtale ang\u00e5ende den immaterielle eiendommen eller en taushetserkl\u00e6ring.&nbsp;Hvis du avsl\u00f8rer det til oss uten en slik skriftlig avtale, gir du oss en verdensomspennende, ugjenkallelig, ikke-eksklusiv, royaltyfri lisens til \u00e5 bruke, reprodusere, lagre, tilpasse, publisere, oversette og distribuere innholdet ditt i eksisterende eller fremtidige medier .<\/p><h2>10. Oppsigelse av bruk<\/h2><p>Vi kan, etter eget skj\u00f8nn, n\u00e5r som helst endre eller avbryte tilgangen til, midlertidig eller permanent, nettstedet eller en hvilken som helst tjeneste p\u00e5 den.&nbsp;Du samtykker i at vi ikke vil v\u00e6re ansvarlige overfor deg eller noen tredjepart for slike endringer, suspensjoner eller avbrytelser av din tilgang til eller bruk av nettstedet eller innhold som du m\u00e5tte ha delt p\u00e5 nettstedet.&nbsp;Du vil ikke ha rett til noen kompensasjon eller annen betaling, selv om visse funksjoner, innstillinger og\/eller innhold du har bidratt med eller har kommet til \u00e5 stole p\u00e5, er permanent tapt.&nbsp;Du m\u00e5 ikke omg\u00e5 eller omg\u00e5, eller fors\u00f8ke \u00e5 omg\u00e5 eller omg\u00e5, noen tilgangsbegrensningstiltak p\u00e5 nettstedet v\u00e5rt.<\/p><h2>11. Garantier og ansvar<\/h2><p>Ingenting i denne delen vil begrense eller ekskludere garantier som er underforst\u00e5tt ved lov som det ville v\u00e6re ulovlig \u00e5 begrense eller ekskludere.&nbsp;Denne nettsiden og alt innhold p\u00e5 nettstedet er gitt p\u00e5 en \"som den er\" og \"som tilgjengelig\"-basis og kan inneholde un\u00f8yaktigheter eller typografiske feil.&nbsp;Vi fraskriver oss uttrykkelig alle garantier av noe slag, enten det er uttrykkelig eller underforst\u00e5tt, med hensyn til tilgjengelighet, n\u00f8yaktighet eller fullstendighet av innholdet.&nbsp;Vi gir ingen garanti for at:<\/p><p><ul>\n                    <li>dette nettstedet eller innholdet v\u00e5rt vil oppfylle dine krav;<\/li>\n                    <li>denne nettsiden vil v\u00e6re tilgjengelig p\u00e5 en uavbrutt, rettidig, sikker eller feilfri basis.<\/li>\n        <\/ul><\/p><p>Ingenting p\u00e5 denne nettsiden utgj\u00f8r eller er ment \u00e5 utgj\u00f8re juridisk, \u00f8konomisk eller medisinsk r\u00e5dgivning av noe slag.&nbsp;Hvis du trenger r\u00e5d b\u00f8r du konsultere en passende fagperson.<\/p><p>F\u00f8lgende bestemmelser i denne delen vil gjelde s\u00e5 langt det er tillatt av gjeldende lov, og vil ikke begrense eller utelukke v\u00e5rt ansvar i forhold til noe som det ville v\u00e6re ulovlig eller ulovlig for oss \u00e5 begrense eller utelukke v\u00e5rt ansvar.&nbsp;Vi vil ikke under noen omstendigheter v\u00e6re ansvarlige for noen direkte eller indirekte skader (inkludert eventuelle skader for tap av fortjeneste eller inntekt, tap eller korrupsjon av data, programvare eller database, eller tap av eller skade p\u00e5 eiendom eller data) p\u00e5f\u00f8rt av deg eller en tredjepart part, som oppst\u00e5r fra din tilgang til eller bruk av nettstedet v\u00e5rt.<\/p><p>Bortsett fra i den grad en tilleggskontrakt uttrykkelig sier noe annet, er v\u00e5rt maksimale ansvar overfor deg for alle skader som oppst\u00e5r fra eller relatert til nettstedet eller produkter og tjenester som markedsf\u00f8res eller selges gjennom nettstedet, uavhengig av formen for rettslige skritt som p\u00e5legger ansvar ( enten i kontrakt, rettferdighet, uaktsomhet, tiltenkt oppf\u00f8rsel, skadevoldende handling eller annet) vil v\u00e6re begrenset til den totale prisen du betalte til oss for \u00e5 kj\u00f8pe slike produkter eller tjenester eller bruke nettstedet.&nbsp;En slik grense vil gjelde til sammen for alle dine krav, handlinger og saks\u00e5rsaker av enhver art og natur.<\/p><h2>12. Personvern<\/h2><p>For \u00e5 f\u00e5 tilgang til nettsiden og\/eller tjenestene v\u00e5re, kan du bli bedt om \u00e5 oppgi visse opplysninger om deg selv som en del av registreringsprosessen.&nbsp;Du godtar at all informasjon du oppgir alltid vil v\u00e6re n\u00f8yaktig, korrekt og oppdatert.<\/p><p>Vi har utviklet en policy for \u00e5 h\u00e5ndtere eventuelle personvernproblemer du m\u00e5tte ha.&nbsp;For more information, please see our <a href=\"https:\/\/mobilrepair.dk\/privacy-policy\/\">Privacy Statement<\/a> and our <a href=\"https:\/\/mobilrepair.dk\/cookie-policy-eu\/\">Cookie Policy<\/a>.<\/p><h2>13. tilgjengelighet<\/h2><p>Vi er forpliktet til \u00e5 gj\u00f8re innholdet vi tilbyr tilgjengelig for personer med nedsatt funksjonsevne.&nbsp;Hvis du har en funksjonshemming og ikke f\u00e5r tilgang til noen del av nettstedet v\u00e5rt p\u00e5 grunn av funksjonshemmingen din, ber vi deg om \u00e5 gi oss et varsel som inkluderer en detaljert beskrivelse av problemet du st\u00f8tt p\u00e5.&nbsp;Hvis problemet er lett identifiserbart og l\u00f8ses i samsvar med industristandard informasjonsteknologiverkt\u00f8y og -teknikker, vil vi umiddelbart l\u00f8se det.<\/p><h2>14. Eksportrestriksjoner \/ Lovoverholdelse<\/h2><p>Tilgang til nettstedet fra territorier eller land der innholdet eller kj\u00f8p av produktene eller tjenestene som selges p\u00e5 nettstedet er ulovlig, er forbudt.&nbsp;Du kan ikke bruke denne nettsiden i strid med eksportlover og -forskrifter til Danmark.<\/p><h2>15. Oppdrag<\/h2><p>Du kan ikke tildele, overf\u00f8re eller underkontraktere noen av dine rettigheter og\/eller forpliktelser under disse vilk\u00e5rene og betingelsene, helt eller delvis, til noen tredjepart uten v\u00e5rt skriftlige samtykke.&nbsp;Enhver p\u00e5st\u00e5tt oppdrag i strid med denne delen vil v\u00e6re ugyldig.<\/p><h2>16. Brudd p\u00e5 disse vilk\u00e5rene<\/h2><p>Uten at det ber\u00f8rer v\u00e5re andre rettigheter under disse vilk\u00e5rene og betingelsene, hvis du bryter disse vilk\u00e5rene og betingelsene p\u00e5 noen m\u00e5te, kan vi iverksette tiltak som vi finner hensiktsmessige for \u00e5 h\u00e5ndtere bruddet, inkludert midlertidig eller permanent suspendering av tilgangen din til nettstedet, kontakte din internettleverand\u00f8r for \u00e5 be om at de blokkerer tilgangen din til nettstedet, og\/eller starter rettslige skritt mot deg.<\/p><h2>17. Force majeure<\/h2><p>Bortsett fra forpliktelser til \u00e5 betale penger i henhold til dette, vil ingen forsinkelse, svikt eller unnlatelse fra noen av partene til \u00e5 utf\u00f8re eller overholde noen av sine forpliktelser under dette anses \u00e5 v\u00e6re et brudd p\u00e5 disse vilk\u00e5rene og betingelsene dersom og s\u00e5 lenge slik forsinkelse, svikt eller unnlatelse oppst\u00e5r av enhver \u00e5rsak utenfor rimelig kontroll av den parten.<\/p><h2>18. Skadeserstatning<\/h2><p>Du godtar \u00e5 holde oss skadesl\u00f8s, forsvare og holde oss skadesl\u00f8se, fra og mot alle krav, ansvar, skader, tap og utgifter, relatert til ditt brudd p\u00e5 disse vilk\u00e5rene og betingelsene, og gjeldende lover, inkludert immaterielle rettigheter og personvernrettigheter.&nbsp;Du vil umiddelbart refundere oss for v\u00e5re skader, tap, kostnader og utgifter knyttet til eller som oppst\u00e5r som f\u00f8lge av slike krav.<\/p><h2>19. Fraskrivelse<\/h2><p>Unnlatelse av \u00e5 h\u00e5ndheve noen av bestemmelsene i disse vilk\u00e5rene og betingelsene og enhver avtale, eller unnlatelse av \u00e5 ut\u00f8ve en mulighet til \u00e5 avslutte, skal ikke tolkes som fraskrivelse av slike bestemmelser og skal ikke p\u00e5virke gyldigheten av disse vilk\u00e5rene og betingelsene eller av noen Avtalen eller deler av den, eller retten til deretter \u00e5 h\u00e5ndheve hver eneste bestemmelse.<\/p><h2>20. Spr\u00e5k<\/h2><p>Disse vilk\u00e5rene og betingelsene vil bli tolket og tolket utelukkende i Engelsk og  dansk.&nbsp;Alle meldinger og korrespondanse vil bli skrevet utelukkende p\u00e5 det spr\u00e5ket.<\/p><h2>21. Hele avtalen<\/h2><p>These Terms and Conditions, together with our <a href=\"https:\/\/mobilrepair.dk\/privacy-policy\/\">privacy statement<\/a> and <a href=\"https:\/\/mobilrepair.dk\/cookie-policy-eu\/\">cookie policy<\/a>, constitute the entire agreement between you and Mobilrepair Aps in relation to your use of this website.<\/p><h2>22. Oppdatering av disse vilk\u00e5rene<\/h2><p>Vi kan oppdatere disse vilk\u00e5rene og betingelsene fra tid til annen.&nbsp;Det er din plikt \u00e5 med jevne mellomrom sjekke disse vilk\u00e5rene og betingelsene for endringer eller oppdateringer.&nbsp;Datoen som er oppgitt i begynnelsen av disse vilk\u00e5rene og betingelsene er den siste revisjonsdatoen.&nbsp;Endringer i disse vilk\u00e5rene og betingelsene trer i kraft n\u00e5r slike endringer blir lagt ut p\u00e5 denne nettsiden.&nbsp;Din fortsatte bruk av denne nettsiden etter publisering av endringer eller oppdateringer vil bli ansett som varsel om at du godtar \u00e5 overholde og v\u00e6re bundet av disse vilk\u00e5rene og betingelsene.<\/p><h2>23. Valg av lov og jurisdiksjon<\/h2><p>Disse vilk\u00e5rene og betingelsene skal styres av lovene til Danmark.&nbsp;Eventuelle tvister knyttet til disse vilk\u00e5rene og betingelsene skal v\u00e6re underlagt jurisdiksjonen til domstolene til Danmark.&nbsp;Hvis noen del eller bestemmelse av disse vilk\u00e5rene og betingelsene av en domstol eller annen myndighet blir funnet \u00e5 v\u00e6re ugyldige og\/eller ikke h\u00e5ndhevbare i henhold til gjeldende lov, vil en slik del eller bestemmelse bli endret, slettet og\/eller h\u00e5ndhevet i st\u00f8rst mulig grad for \u00e5 gi effekt til hensikten med disse vilk\u00e5rene og betingelsene.&nbsp;De \u00f8vrige bestemmelsene vil ikke bli ber\u00f8rt.<\/p><h2>24. Kontaktinformasjon<\/h2><p>Denne nettsiden eies og drives av Mobilrepair Aps.<\/p><p>Du kan kontakte oss ang\u00e5ende disse vilk\u00e5rene og betingelsene p\u00e5 telefon, p\u00e5 kontaktnummeret som er publisert p\u00e5 nettstedet v\u00e5rt.<\/p><h2>25. nedlasting<\/h2><p>You can also <a href=\"https:\/\/mobilrepair.dk\/wp-content\/plugins\/complianz-terms-conditions\/download.php\">download<\/a> our Terms and Conditions as a PDF.<\/p><\/div>","protected":false},"excerpt":{"rendered":"","protected":false},"author":1,"featured_media":0,"parent":0,"menu_order":0,"comment_status":"closed","ping_status":"closed","template":"","meta":{"_acf_changed":false,"footnotes":""},"class_list":["post-7677","page","type-page","status-publish","hentry"],"acf":[],"yoast_head":"<!-- This site is optimized with the Yoast SEO plugin v27.3 - https:\/\/yoast.com\/product\/yoast-seo-wordpress\/ -->\n<title>Terms and Conditions - Mobilrepair.dk<\/title>\n<meta name=\"description\" content=\"Terms and Conditions - Mobilrepair.dk -\" \/>\n<meta name=\"robots\" content=\"index, follow, max-snippet:-1, max-image-preview:large, max-video-preview:-1\" \/>\n<link rel=\"canonical\" href=\"https:\/\/mobilrepair.dk\/no\/terms-and-conditions\/\" \/>\n<meta property=\"og:locale\" content=\"nb_NO\" \/>\n<meta property=\"og:type\" content=\"article\" \/>\n<meta property=\"og:title\" content=\"Terms and Conditions - Mobilrepair.dk\" \/>\n<meta property=\"og:description\" content=\"Terms and Conditions - Mobilrepair.dk -\" \/>\n<meta property=\"og:url\" content=\"https:\/\/mobilrepair.dk\/no\/terms-and-conditions\/\" \/>\n<meta property=\"og:site_name\" content=\"Mobilrepair.dk\" \/>\n<meta property=\"article:publisher\" content=\"https:\/\/www.facebook.com\/Mobilrepair.dk\/\" \/>\n<meta property=\"article:modified_time\" content=\"2023-08-29T08:43:21+00:00\" \/>\n<meta name=\"twitter:card\" content=\"summary_large_image\" \/>\n<script type=\"application\/ld+json\" class=\"yoast-schema-graph\">{\"@context\":\"https:\\\/\\\/schema.org\",\"@graph\":[{\"@type\":\"WebPage\",\"@id\":\"https:\\\/\\\/mobilrepair.dk\\\/no\\\/terms-and-conditions\\\/\",\"url\":\"https:\\\/\\\/mobilrepair.dk\\\/no\\\/terms-and-conditions\\\/\",\"name\":\"Terms and Conditions - Mobilrepair.dk\",\"isPartOf\":{\"@id\":\"https:\\\/\\\/mobilrepair.dk\\\/no\\\/#website\"},\"datePublished\":\"2023-03-01T22:12:02+00:00\",\"dateModified\":\"2023-08-29T08:43:21+00:00\",\"description\":\"Terms and Conditions - Mobilrepair.dk -\",\"breadcrumb\":{\"@id\":\"https:\\\/\\\/mobilrepair.dk\\\/no\\\/terms-and-conditions\\\/#breadcrumb\"},\"inLanguage\":\"nb-NO\",\"potentialAction\":[{\"@type\":\"ReadAction\",\"target\":[\"https:\\\/\\\/mobilrepair.dk\\\/no\\\/terms-and-conditions\\\/\"]}]},{\"@type\":\"BreadcrumbList\",\"@id\":\"https:\\\/\\\/mobilrepair.dk\\\/no\\\/terms-and-conditions\\\/#breadcrumb\",\"itemListElement\":[{\"@type\":\"ListItem\",\"position\":1,\"name\":\"Home\",\"item\":\"https:\\\/\\\/mobilrepair.dk\\\/en\\\/\"},{\"@type\":\"ListItem\",\"position\":2,\"name\":\"Terms and Conditions\"}]},{\"@type\":\"WebSite\",\"@id\":\"https:\\\/\\\/mobilrepair.dk\\\/no\\\/#website\",\"url\":\"https:\\\/\\\/mobilrepair.dk\\\/no\\\/\",\"name\":\"Mobilrepair.dk\",\"description\":\"Are you experiencing issues with your device? Then you have come to the right place! Our experienced technicians have the necessary expertise and knowledge to solve any type of problem on your smartphone, laptop, or tablet.\",\"publisher\":{\"@id\":\"https:\\\/\\\/mobilrepair.dk\\\/no\\\/#organization\"},\"alternateName\":\"Mobilrepair ApS\",\"potentialAction\":[{\"@type\":\"SearchAction\",\"target\":{\"@type\":\"EntryPoint\",\"urlTemplate\":\"https:\\\/\\\/mobilrepair.dk\\\/no\\\/?s={search_term_string}\"},\"query-input\":{\"@type\":\"PropertyValueSpecification\",\"valueRequired\":true,\"valueName\":\"search_term_string\"}}],\"inLanguage\":\"nb-NO\"},{\"@type\":\"Organization\",\"@id\":\"https:\\\/\\\/mobilrepair.dk\\\/no\\\/#organization\",\"name\":\"Mobilrepair Aps\",\"alternateName\":\"Mobilrepair Helsing\u00f8r\",\"url\":\"https:\\\/\\\/mobilrepair.dk\\\/no\\\/\",\"logo\":{\"@type\":\"ImageObject\",\"inLanguage\":\"nb-NO\",\"@id\":\"https:\\\/\\\/mobilrepair.dk\\\/no\\\/#\\\/schema\\\/logo\\\/image\\\/\",\"url\":\"https:\\\/\\\/mobilrepair.dk\\\/wp-content\\\/uploads\\\/2023\\\/01\\\/Mobilrepair-logo-PNG.png\",\"contentUrl\":\"https:\\\/\\\/mobilrepair.dk\\\/wp-content\\\/uploads\\\/2023\\\/01\\\/Mobilrepair-logo-PNG.png\",\"width\":1890,\"height\":260,\"caption\":\"Mobilrepair Aps\"},\"image\":{\"@id\":\"https:\\\/\\\/mobilrepair.dk\\\/no\\\/#\\\/schema\\\/logo\\\/image\\\/\"},\"sameAs\":[\"https:\\\/\\\/www.facebook.com\\\/Mobilrepair.dk\\\/\",\"https:\\\/\\\/www.instagram.com\\\/mobilrepair\\\/\"]}]}<\/script>\n<!-- \/ Yoast SEO plugin. -->","yoast_head_json":{"title":"Terms and Conditions - Mobilrepair.dk","description":"Terms and Conditions - Mobilrepair.dk -","robots":{"index":"index","follow":"follow","max-snippet":"max-snippet:-1","max-image-preview":"max-image-preview:large","max-video-preview":"max-video-preview:-1"},"canonical":"https:\/\/mobilrepair.dk\/no\/terms-and-conditions\/","og_locale":"nb_NO","og_type":"article","og_title":"Terms and Conditions - Mobilrepair.dk","og_description":"Terms and Conditions - Mobilrepair.dk -","og_url":"https:\/\/mobilrepair.dk\/no\/terms-and-conditions\/","og_site_name":"Mobilrepair.dk","article_publisher":"https:\/\/www.facebook.com\/Mobilrepair.dk\/","article_modified_time":"2023-08-29T08:43:21+00:00","twitter_card":"summary_large_image","schema":{"@context":"https:\/\/schema.org","@graph":[{"@type":"WebPage","@id":"https:\/\/mobilrepair.dk\/no\/terms-and-conditions\/","url":"https:\/\/mobilrepair.dk\/no\/terms-and-conditions\/","name":"Terms and Conditions - Mobilrepair.dk","isPartOf":{"@id":"https:\/\/mobilrepair.dk\/no\/#website"},"datePublished":"2023-03-01T22:12:02+00:00","dateModified":"2023-08-29T08:43:21+00:00","description":"Terms and Conditions - Mobilrepair.dk -","breadcrumb":{"@id":"https:\/\/mobilrepair.dk\/no\/terms-and-conditions\/#breadcrumb"},"inLanguage":"nb-NO","potentialAction":[{"@type":"ReadAction","target":["https:\/\/mobilrepair.dk\/no\/terms-and-conditions\/"]}]},{"@type":"BreadcrumbList","@id":"https:\/\/mobilrepair.dk\/no\/terms-and-conditions\/#breadcrumb","itemListElement":[{"@type":"ListItem","position":1,"name":"Home","item":"https:\/\/mobilrepair.dk\/en\/"},{"@type":"ListItem","position":2,"name":"Terms and Conditions"}]},{"@type":"WebSite","@id":"https:\/\/mobilrepair.dk\/no\/#website","url":"https:\/\/mobilrepair.dk\/no\/","name":"Mobilrepair.dk","description":"Are you experiencing issues with your device? Then you have come to the right place! Our experienced technicians have the necessary expertise and knowledge to solve any type of problem on your smartphone, laptop, or tablet.","publisher":{"@id":"https:\/\/mobilrepair.dk\/no\/#organization"},"alternateName":"Mobilrepair ApS","potentialAction":[{"@type":"SearchAction","target":{"@type":"EntryPoint","urlTemplate":"https:\/\/mobilrepair.dk\/no\/?s={search_term_string}"},"query-input":{"@type":"PropertyValueSpecification","valueRequired":true,"valueName":"search_term_string"}}],"inLanguage":"nb-NO"},{"@type":"Organization","@id":"https:\/\/mobilrepair.dk\/no\/#organization","name":"Mobilrepair Aps","alternateName":"Mobilrepair Helsing\u00f8r","url":"https:\/\/mobilrepair.dk\/no\/","logo":{"@type":"ImageObject","inLanguage":"nb-NO","@id":"https:\/\/mobilrepair.dk\/no\/#\/schema\/logo\/image\/","url":"https:\/\/mobilrepair.dk\/wp-content\/uploads\/2023\/01\/Mobilrepair-logo-PNG.png","contentUrl":"https:\/\/mobilrepair.dk\/wp-content\/uploads\/2023\/01\/Mobilrepair-logo-PNG.png","width":1890,"height":260,"caption":"Mobilrepair Aps"},"image":{"@id":"https:\/\/mobilrepair.dk\/no\/#\/schema\/logo\/image\/"},"sameAs":["https:\/\/www.facebook.com\/Mobilrepair.dk\/","https:\/\/www.instagram.com\/mobilrepair\/"]}]}},"_links":{"self":[{"href":"https:\/\/mobilrepair.dk\/no\/wp-json\/wp\/v2\/pages\/7677","targetHints":{"allow":["GET"]}}],"collection":[{"href":"https:\/\/mobilrepair.dk\/no\/wp-json\/wp\/v2\/pages"}],"about":[{"href":"https:\/\/mobilrepair.dk\/no\/wp-json\/wp\/v2\/types\/page"}],"author":[{"embeddable":true,"href":"https:\/\/mobilrepair.dk\/no\/wp-json\/wp\/v2\/users\/1"}],"replies":[{"embeddable":true,"href":"https:\/\/mobilrepair.dk\/no\/wp-json\/wp\/v2\/comments?post=7677"}],"version-history":[{"count":0,"href":"https:\/\/mobilrepair.dk\/no\/wp-json\/wp\/v2\/pages\/7677\/revisions"}],"wp:attachment":[{"href":"https:\/\/mobilrepair.dk\/no\/wp-json\/wp\/v2\/media?parent=7677"}],"curies":[{"name":"wp","href":"https:\/\/api.w.org\/{rel}","templated":true}]}}