{"id":8879,"date":"2023-06-21T11:18:50","date_gmt":"2023-06-21T09:18:50","guid":{"rendered":"https:\/\/mobilrepair.dk\/?page_id=8879"},"modified":"2025-08-08T14:17:15","modified_gmt":"2025-08-08T12:17:15","slug":"tryg-inden-du-sender-en-enhed-til-reparation-dk","status":"publish","type":"page","link":"https:\/\/mobilrepair.dk\/en\/tryg\/tryg-inden-du-sender-en-enhed-til-reparation-dk\/","title":{"rendered":"Tryg &#8211; inden du sender en enhed til reparation (DK)"},"content":{"rendered":"\t\t<div data-elementor-type=\"wp-page\" data-elementor-id=\"8879\" class=\"elementor elementor-8879\" data-elementor-post-type=\"page\">\n\t\t\t\t<div class=\"elementor-element elementor-element-451058e e-flex e-con-boxed e-con e-parent\" data-id=\"451058e\" data-element_type=\"container\" data-e-type=\"container\">\n\t\t\t\t\t<div class=\"e-con-inner\">\n\t\t\t\t<div class=\"elementor-element elementor-element-663cce7 elementor-widget elementor-widget-image\" data-id=\"663cce7\" data-element_type=\"widget\" data-e-type=\"widget\" data-widget_type=\"image.default\">\n\t\t\t\t<div class=\"elementor-widget-container\">\n\t\t\t\t\t\t\t\t\t\t\t\t\t\t\t<img fetchpriority=\"high\" decoding=\"async\" width=\"800\" height=\"302\" src=\"https:\/\/mobilrepair.dk\/wp-content\/uploads\/2023\/05\/Tryg-mobil-billed-web2-1024x386.jpg\" class=\"attachment-large size-large wp-image-8583\" alt=\"\" srcset=\"https:\/\/mobilrepair.dk\/wp-content\/uploads\/2023\/05\/Tryg-mobil-billed-web2-1024x386.jpg 1024w, https:\/\/mobilrepair.dk\/wp-content\/uploads\/2023\/05\/Tryg-mobil-billed-web2-300x113.jpg 300w, https:\/\/mobilrepair.dk\/wp-content\/uploads\/2023\/05\/Tryg-mobil-billed-web2-768x290.jpg 768w, https:\/\/mobilrepair.dk\/wp-content\/uploads\/2023\/05\/Tryg-mobil-billed-web2-18x7.jpg 18w, https:\/\/mobilrepair.dk\/wp-content\/uploads\/2023\/05\/Tryg-mobil-billed-web2.jpg 1140w\" sizes=\"(max-width: 800px) 100vw, 800px\" \/>\t\t\t\t\t\t\t\t\t\t\t\t\t\t\t<\/div>\n\t\t\t\t<\/div>\n\t\t\t\t<div class=\"elementor-element elementor-element-b0c9430 elementor-widget elementor-widget-heading\" data-id=\"b0c9430\" data-element_type=\"widget\" data-e-type=\"widget\" data-widget_type=\"heading.default\">\n\t\t\t\t<div class=\"elementor-widget-container\">\n\t\t\t\t\t<h2 class=\"elementor-heading-title elementor-size-default\">Vigtigt inden du sender en enhed til reparation eller SWAP<\/h2>\t\t\t\t<\/div>\n\t\t\t\t<\/div>\n\t\t\t\t\t<\/div>\n\t\t\t\t<\/div>\n\t\t<div class=\"elementor-element elementor-element-c41049d e-flex e-con-boxed e-con e-parent\" data-id=\"c41049d\" data-element_type=\"container\" data-e-type=\"container\">\n\t\t\t\t\t<div class=\"e-con-inner\">\n\t\t\t\t<div class=\"elementor-element elementor-element-f2a0324 elementor-widget elementor-widget-text-editor\" data-id=\"f2a0324\" data-element_type=\"widget\" data-e-type=\"widget\" data-widget_type=\"text-editor.default\">\n\t\t\t\t<div class=\"elementor-widget-container\">\n\t\t\t\t\t\t\t\t\t<p><b>Inden du sender din enhed til os, er det vigtigt at du g\u00f8r f\u00f8lgende:<\/b><\/p>\n<h4><span style=\"color: #c00000;\"><b>Send din enhed til reparation:<\/b><\/span><\/h4>\n<ul>\n<li>Lav en sikkerhedskopi af din telefon\/tablet. Nogle reparationer medf\u00f8rer, at alle data bliver slettet p\u00e5 enheden. Det er \u00e6rgerligt at miste alle sine billeder og kontakter, s\u00e5 husk sikkerhedskopi!<\/li>\n<li>Slet alle koder (sk\u00e6rml\u00e5s o.lign.), hvis ikke du vil dele dem med os.\n<ul>\n<li>Har du en iPhone\/iPad\/MacBook skal du sl\u00e5 &#8220;Find my\/Find enheder&#8221; fra p\u00e5 enheden, ellers kan vi&nbsp; ikke reparere din enhed.<\/li>\n<li>Har du en Android skal du ligeledes sikre dig, at du har sl\u00e5et din Google konto fra.<\/li>\n<\/ul>\n<\/li>\n<\/ul>\n<p><strong><em><span style=\"text-align: var(--text-align); color: var( --e-global-color-text ); font-family: var( --e-global-typography-text-font-family ), Sans-serif; font-size: var( --e-global-typography-text-font-size ); letter-spacing: var( --e-global-typography-text-letter-spacing ); text-transform: var( --e-global-typography-text-text-transform ); word-spacing: var( --e-global-typography-text-word-spacing );\">Du kan l\u00e6se mere om, hvordan du sikrer dig, at din enhed ikke er l\u00e5st, nederst p\u00e5 siden under &#8220;Apple iOS&#8221; og &#8220;Android&#8221;. Ogs\u00e5 selvom din enhed ikke l\u00e6ngere kan t\u00e6nde.<\/span><\/em><\/strong><\/p>\n<ul>\n<li>Er der tale om en periodisk fejl p\u00e5 din enhed, m\u00e5 du IKKE nulstille din mobil. Teknikeren skal bruge enhedens logfiler i deres fejls\u00f8gning, og de forsvinder, hvis du nulstiller enheden.<\/li>\n<li>Husk at fjerne evt. SIM-kort og hukommelseskort fra enheden, inden du sender den.<\/li>\n<\/ul>\n<div>&nbsp;<\/div>\n<h4><span style=\"color: #c00000;\"><b>Send din enhed til SWAP:<\/b><\/span><\/h4>\n<p><strong>Apple iOS:<\/strong> Hvis du ejer en iPhone eller iPad, skal du f\u00f8rst sikkerhedskopiere dine data til clouden. Derefter skal du g\u00e5 til indstillingerne, trykke p\u00e5 &#8220;Nulstil&#8221; og derefter v\u00e6lge &#8220;Slet alt indhold og alle indstillinger&#8221;. Efter at have indtastet din kode vil enheden automatisk slette alle data og starte p\u00e5 ny som om den var helt ny.<\/p>\n<p><strong>Android:<\/strong> Hvis du bruger en Android-enhed, skal du f\u00f8rst sikkerhedskopiere dine data til clouden og s\u00f8rge for, at dine data er krypterede. Dette kan g\u00f8res ved at g\u00e5 ind i sikkerhedsmenuen og aktivere indstillingen &#8220;Beskyt krypterede data&#8221;. Derefter skal du v\u00e6lge &#8220;Nulstil telefonen&#8221;, og enheden vil slette alt krypteret indhold og starte p\u00e5 ny som om den var ny.<\/p>\n<p><b>Enheden er nu klar til at blive fremsendt.<br><\/b>Du er altid velkommen til at ringe, hvis du har sp\u00f8rgsm\u00e5l om din skade.<\/p>\n<p><strong>L\u00e6s her under hvordan du fjerner de forskellige l\u00e5se fra din enhed.<br><\/strong>Tryk p\u00e5 linkene i teksten for at f\u00e5 flere detaljer.<\/p>\t\t\t\t\t\t\t\t<\/div>\n\t\t\t\t<\/div>\n\t\t\t\t<div class=\"elementor-element elementor-element-a287de3 elementor-widget elementor-widget-accordion\" data-id=\"a287de3\" data-element_type=\"widget\" data-e-type=\"widget\" data-widget_type=\"accordion.default\">\n\t\t\t\t<div class=\"elementor-widget-container\">\n\t\t\t\t\t\t\t<div class=\"elementor-accordion\">\n\t\t\t\t\t\t\t<div class=\"elementor-accordion-item\">\n\t\t\t\t\t<div id=\"elementor-tab-title-1701\" class=\"elementor-tab-title\" data-tab=\"1\" role=\"button\" aria-controls=\"elementor-tab-content-1701\" aria-expanded=\"false\">\n\t\t\t\t\t\t\t\t\t\t\t\t\t<span class=\"elementor-accordion-icon elementor-accordion-icon-left\" aria-hidden=\"true\">\n\t\t\t\t\t\t\t\t\t\t\t\t\t\t\t<span class=\"elementor-accordion-icon-closed\"><svg class=\"e-font-icon-svg e-far-caret-square-down\" viewBox=\"0 0 448 512\" xmlns=\"http:\/\/www.w3.org\/2000\/svg\"><path d=\"M125.1 208h197.8c10.7 0 16.1 13 8.5 20.5l-98.9 98.3c-4.7 4.7-12.2 4.7-16.9 0l-98.9-98.3c-7.7-7.5-2.3-20.5 8.4-20.5zM448 80v352c0 26.5-21.5 48-48 48H48c-26.5 0-48-21.5-48-48V80c0-26.5 21.5-48 48-48h352c26.5 0 48 21.5 48 48zm-48 346V86c0-3.3-2.7-6-6-6H54c-3.3 0-6 2.7-6 6v340c0 3.3 2.7 6 6 6h340c3.3 0 6-2.7 6-6z\"><\/path><\/svg><\/span>\n\t\t\t\t\t\t\t\t<span class=\"elementor-accordion-icon-opened\"><svg class=\"e-font-icon-svg e-far-caret-square-up\" viewBox=\"0 0 448 512\" xmlns=\"http:\/\/www.w3.org\/2000\/svg\"><path d=\"M322.9 304H125.1c-10.7 0-16.1-13-8.5-20.5l98.9-98.3c4.7-4.7 12.2-4.7 16.9 0l98.9 98.3c7.7 7.5 2.3 20.5-8.4 20.5zM448 80v352c0 26.5-21.5 48-48 48H48c-26.5 0-48-21.5-48-48V80c0-26.5 21.5-48 48-48h352c26.5 0 48 21.5 48 48zm-48 346V86c0-3.3-2.7-6-6-6H54c-3.3 0-6 2.7-6 6v340c0 3.3 2.7 6 6 6h340c3.3 0 6-2.7 6-6z\"><\/path><\/svg><\/span>\n\t\t\t\t\t\t\t\t\t\t\t\t\t\t<\/span>\n\t\t\t\t\t\t\t\t\t\t\t\t<a class=\"elementor-accordion-title\" tabindex=\"0\">Apple iOS<\/a>\n\t\t\t\t\t<\/div>\n\t\t\t\t\t<div id=\"elementor-tab-content-1701\" class=\"elementor-tab-content elementor-clearfix\" data-tab=\"1\" role=\"region\" aria-labelledby=\"elementor-tab-title-1701\"><p>F\u00f8lg disse trin, inden du sender enheden til reparation eller udskiftning. Hvis enheden ikke t\u00e6nder eller reagerer, skal du udf\u00f8re s\u00e5 mange trin som muligt:<\/p><ol><li><a href=\"https:\/\/support.apple.com\/da-dk\/HT203977\">Sikkerhedskopier din iOS- eller iPadOS-enhed<\/a>. For at beskytte dine data skal du\u00a0<a href=\"https:\/\/support.apple.com\/da-dk\/HT201274\">slette dataene p\u00e5 din iOS- eller iPadOS-enhed<\/a>.\u00a0<\/li><li><a href=\"https:\/\/support.apple.com\/da-dk\/HT205064\">Fjern din enhed fra enhedslisten for dit Apple-id<\/a>.<\/li><li><a href=\"https:\/\/support.apple.com\/da-dk\/HT201337\">Fjern SIM-kortet fra din iOS-enhed,<\/a>\u00a0eller\u00a0<a href=\"https:\/\/support.apple.com\/da-dk\/HT212767\" aria-label=\"fjern SIM-kortet fra din iPadOS-enhed\">iPadOS-enhed<\/a>, hvis den bruger et, og gem det et sikkert sted. Hvis din iOS-enhed ikke bruger et SIM-kort, skal du om n\u00f8dvendigt kontakte din udbyder af tr\u00e5dl\u00f8se tjenester og bede om et nyt eSIM eller om at f\u00e5 tjenesten suspenderet.\u00a0<\/li><\/ol><\/div>\n\t\t\t\t<\/div>\n\t\t\t\t\t\t\t<div class=\"elementor-accordion-item\">\n\t\t\t\t\t<div id=\"elementor-tab-title-1702\" class=\"elementor-tab-title\" data-tab=\"2\" role=\"button\" aria-controls=\"elementor-tab-content-1702\" aria-expanded=\"false\">\n\t\t\t\t\t\t\t\t\t\t\t\t\t<span class=\"elementor-accordion-icon elementor-accordion-icon-left\" aria-hidden=\"true\">\n\t\t\t\t\t\t\t\t\t\t\t\t\t\t\t<span class=\"elementor-accordion-icon-closed\"><svg class=\"e-font-icon-svg e-far-caret-square-down\" viewBox=\"0 0 448 512\" xmlns=\"http:\/\/www.w3.org\/2000\/svg\"><path d=\"M125.1 208h197.8c10.7 0 16.1 13 8.5 20.5l-98.9 98.3c-4.7 4.7-12.2 4.7-16.9 0l-98.9-98.3c-7.7-7.5-2.3-20.5 8.4-20.5zM448 80v352c0 26.5-21.5 48-48 48H48c-26.5 0-48-21.5-48-48V80c0-26.5 21.5-48 48-48h352c26.5 0 48 21.5 48 48zm-48 346V86c0-3.3-2.7-6-6-6H54c-3.3 0-6 2.7-6 6v340c0 3.3 2.7 6 6 6h340c3.3 0 6-2.7 6-6z\"><\/path><\/svg><\/span>\n\t\t\t\t\t\t\t\t<span class=\"elementor-accordion-icon-opened\"><svg class=\"e-font-icon-svg e-far-caret-square-up\" viewBox=\"0 0 448 512\" xmlns=\"http:\/\/www.w3.org\/2000\/svg\"><path d=\"M322.9 304H125.1c-10.7 0-16.1-13-8.5-20.5l98.9-98.3c4.7-4.7 12.2-4.7 16.9 0l98.9 98.3c7.7 7.5 2.3 20.5-8.4 20.5zM448 80v352c0 26.5-21.5 48-48 48H48c-26.5 0-48-21.5-48-48V80c0-26.5 21.5-48 48-48h352c26.5 0 48 21.5 48 48zm-48 346V86c0-3.3-2.7-6-6-6H54c-3.3 0-6 2.7-6 6v340c0 3.3 2.7 6 6 6h340c3.3 0 6-2.7 6-6z\"><\/path><\/svg><\/span>\n\t\t\t\t\t\t\t\t\t\t\t\t\t\t<\/span>\n\t\t\t\t\t\t\t\t\t\t\t\t<a class=\"elementor-accordion-title\" tabindex=\"0\">Android<\/a>\n\t\t\t\t\t<\/div>\n\t\t\t\t\t<div id=\"elementor-tab-content-1702\" class=\"elementor-tab-content elementor-clearfix\" data-tab=\"2\" role=\"region\" aria-labelledby=\"elementor-tab-title-1702\"><p class=\"p1\"><b>Samsung konto:<\/b><br \/>At fjerne sin Samsung konto er <span class=\"s1\">ikke<\/span> det samme som at slette din konto. Du kan roligt fjerne din konto fra din enhed uden at miste din data. Se hvordan her:<a href=\"https:\/\/www.samsung.com\/dk\/support\/mobile-devices\/remove-accounts-from-your-galaxy-phone-or-tablet\/\"><span class=\"s2\"> Fjern Samsung konto<\/span><\/a>.<\/p><p class=\"p1\"><b>Google konto:<\/b><br \/>For at fjerne din Google konto fra enheden skal du f\u00f8lge denne guide:<a href=\"https:\/\/support.google.com\/android\/answer\/7664951?hl=da\"><span class=\"s2\"> Fjern Google konto.<\/span><\/a><\/p><p class=\"p1\"><b>Android sk\u00e6rml\u00e5s:<\/b><br \/>Hvis du har en Android enhed skal du fjerne sk\u00e6rml\u00e5sen. Du kan se hvordan ved at klikke<a href=\"https:\/\/support.google.com\/android\/answer\/9079129?hl=da\"><span class=\"s2\"> her.<\/span><\/a><\/p><\/div>\n\t\t\t\t<\/div>\n\t\t\t\t\t\t\t\t<\/div>\n\t\t\t\t\t\t<\/div>\n\t\t\t\t<\/div>\n\t\t\t\t<div class=\"elementor-element elementor-element-a7b31f7 elementor-widget elementor-widget-image\" data-id=\"a7b31f7\" data-element_type=\"widget\" data-e-type=\"widget\" data-widget_type=\"image.default\">\n\t\t\t\t<div class=\"elementor-widget-container\">\n\t\t\t\t\t\t\t\t\t\t\t\t\t\t\t\t<a href=\"https:\/\/affinity.tryg.dk\/mobil\" target=\"_blank\">\n\t\t\t\t\t\t\t<img decoding=\"async\" width=\"200\" height=\"86\" src=\"https:\/\/mobilrepair.dk\/wp-content\/uploads\/2023\/05\/Tryg_logo_ny.png\" class=\"attachment-medium_large size-medium_large wp-image-8578\" alt=\"\" srcset=\"https:\/\/mobilrepair.dk\/wp-content\/uploads\/2023\/05\/Tryg_logo_ny.png 200w, https:\/\/mobilrepair.dk\/wp-content\/uploads\/2023\/05\/Tryg_logo_ny-18x8.png 18w\" sizes=\"(max-width: 200px) 100vw, 200px\" \/>\t\t\t\t\t\t\t\t<\/a>\n\t\t\t\t\t\t\t\t\t\t\t\t\t\t\t<\/div>\n\t\t\t\t<\/div>\n\t\t\t\t\t<\/div>\n\t\t\t\t<\/div>\n\t\t\t\t<\/div>\n\t\t","protected":false},"excerpt":{"rendered":"<p>Vigtigt inden du sender en enhed til reparation eller SWAP Inden du sender din enhed til os, er det vigtigt at du g\u00f8r f\u00f8lgende: Send din enhed til reparation: Lav en sikkerhedskopi af din telefon\/tablet. Nogle reparationer medf\u00f8rer, at alle data bliver slettet p\u00e5 enheden. Det er \u00e6rgerligt at miste alle sine billeder og kontakter, [&hellip;]<\/p>\n","protected":false},"author":1,"featured_media":0,"parent":8526,"menu_order":0,"comment_status":"closed","ping_status":"closed","template":"elementor_canvas","meta":{"_acf_changed":false,"footnotes":""},"class_list":["post-8879","page","type-page","status-publish","hentry"],"acf":[],"yoast_head":"<!-- This site is optimized with the Yoast SEO plugin v27.2 - https:\/\/yoast.com\/product\/yoast-seo-wordpress\/ -->\n<title>Tryg - inden du sender en enhed til reparation (DK) - Mobilrepair.dk<\/title>\n<meta name=\"description\" content=\"Tryg - inden du sender en enhed til reparation (DK) - Mobilrepair.dk -\" \/>\n<meta name=\"robots\" content=\"index, follow, max-snippet:-1, max-image-preview:large, max-video-preview:-1\" \/>\n<link rel=\"canonical\" href=\"https:\/\/mobilrepair.dk\/en\/tryg\/tryg-inden-du-sender-en-enhed-til-reparation-dk\/\" \/>\n<meta property=\"og:locale\" content=\"en_US\" \/>\n<meta property=\"og:type\" content=\"article\" \/>\n<meta property=\"og:title\" content=\"Tryg - inden du sender en enhed til reparation (DK) - Mobilrepair.dk\" \/>\n<meta property=\"og:description\" content=\"Tryg - inden du sender en enhed til reparation (DK) - Mobilrepair.dk -\" \/>\n<meta property=\"og:url\" content=\"https:\/\/mobilrepair.dk\/en\/tryg\/tryg-inden-du-sender-en-enhed-til-reparation-dk\/\" \/>\n<meta property=\"og:site_name\" content=\"Mobilrepair.dk\" \/>\n<meta property=\"article:publisher\" content=\"https:\/\/www.facebook.com\/Mobilrepair.dk\/\" \/>\n<meta property=\"article:modified_time\" content=\"2025-08-08T12:17:15+00:00\" \/>\n<meta property=\"og:image\" content=\"https:\/\/mobilrepair.dk\/wp-content\/uploads\/2023\/05\/Tryg-mobil-billed-web2.jpg\" \/>\n\t<meta property=\"og:image:width\" content=\"1140\" \/>\n\t<meta property=\"og:image:height\" content=\"430\" \/>\n\t<meta property=\"og:image:type\" content=\"image\/jpeg\" \/>\n<meta name=\"twitter:card\" content=\"summary_large_image\" \/>\n<meta name=\"twitter:label1\" content=\"Est. reading time\" \/>\n\t<meta name=\"twitter:data1\" content=\"3 minutes\" \/>\n<script type=\"application\/ld+json\" class=\"yoast-schema-graph\">{\"@context\":\"https:\/\/schema.org\",\"@graph\":[{\"@type\":\"WebPage\",\"@id\":\"https:\/\/mobilrepair.dk\/en\/tryg\/tryg-inden-du-sender-en-enhed-til-reparation-dk\/\",\"url\":\"https:\/\/mobilrepair.dk\/en\/tryg\/tryg-inden-du-sender-en-enhed-til-reparation-dk\/\",\"name\":\"Tryg - inden du sender en enhed til reparation (DK) - Mobilrepair.dk\",\"isPartOf\":{\"@id\":\"https:\/\/mobilrepair.dk\/en\/#website\"},\"primaryImageOfPage\":{\"@id\":\"https:\/\/mobilrepair.dk\/en\/tryg\/tryg-inden-du-sender-en-enhed-til-reparation-dk\/#primaryimage\"},\"image\":{\"@id\":\"https:\/\/mobilrepair.dk\/en\/tryg\/tryg-inden-du-sender-en-enhed-til-reparation-dk\/#primaryimage\"},\"thumbnailUrl\":\"https:\/\/mobilrepair.dk\/wp-content\/uploads\/2023\/05\/Tryg-mobil-billed-web2-1024x386.jpg\",\"datePublished\":\"2023-06-21T09:18:50+00:00\",\"dateModified\":\"2025-08-08T12:17:15+00:00\",\"description\":\"Tryg - inden du sender en enhed til reparation (DK) - Mobilrepair.dk -\",\"breadcrumb\":{\"@id\":\"https:\/\/mobilrepair.dk\/en\/tryg\/tryg-inden-du-sender-en-enhed-til-reparation-dk\/#breadcrumb\"},\"inLanguage\":\"en-US\",\"potentialAction\":[{\"@type\":\"ReadAction\",\"target\":[\"https:\/\/mobilrepair.dk\/en\/tryg\/tryg-inden-du-sender-en-enhed-til-reparation-dk\/\"]}]},{\"@type\":\"ImageObject\",\"inLanguage\":\"en-US\",\"@id\":\"https:\/\/mobilrepair.dk\/en\/tryg\/tryg-inden-du-sender-en-enhed-til-reparation-dk\/#primaryimage\",\"url\":\"https:\/\/mobilrepair.dk\/wp-content\/uploads\/2023\/05\/Tryg-mobil-billed-web2-1024x386.jpg\",\"contentUrl\":\"https:\/\/mobilrepair.dk\/wp-content\/uploads\/2023\/05\/Tryg-mobil-billed-web2-1024x386.jpg\"},{\"@type\":\"BreadcrumbList\",\"@id\":\"https:\/\/mobilrepair.dk\/en\/tryg\/tryg-inden-du-sender-en-enhed-til-reparation-dk\/#breadcrumb\",\"itemListElement\":[{\"@type\":\"ListItem\",\"position\":1,\"name\":\"Home\",\"item\":\"https:\/\/mobilrepair.dk\/en\/\"},{\"@type\":\"ListItem\",\"position\":2,\"name\":\"Tryg - V\u00e6lg Sprog\",\"item\":\"https:\/\/mobilrepair.dk\/en\/tryg\/\"},{\"@type\":\"ListItem\",\"position\":3,\"name\":\"Tryg &#8211; inden du sender en enhed til reparation (DK)\"}]},{\"@type\":\"WebSite\",\"@id\":\"https:\/\/mobilrepair.dk\/en\/#website\",\"url\":\"https:\/\/mobilrepair.dk\/en\/\",\"name\":\"Mobilrepair.dk\",\"description\":\"Are you experiencing issues with your device? Then you have come to the right place! Our experienced technicians have the necessary expertise and knowledge to solve any type of problem on your smartphone, laptop, or tablet.\",\"publisher\":{\"@id\":\"https:\/\/mobilrepair.dk\/en\/#organization\"},\"alternateName\":\"Mobilrepair ApS\",\"potentialAction\":[{\"@type\":\"SearchAction\",\"target\":{\"@type\":\"EntryPoint\",\"urlTemplate\":\"https:\/\/mobilrepair.dk\/en\/?s={search_term_string}\"},\"query-input\":{\"@type\":\"PropertyValueSpecification\",\"valueRequired\":true,\"valueName\":\"search_term_string\"}}],\"inLanguage\":\"en-US\"},{\"@type\":\"Organization\",\"@id\":\"https:\/\/mobilrepair.dk\/en\/#organization\",\"name\":\"Mobilrepair Aps\",\"alternateName\":\"Mobilrepair Helsing\u00f8r\",\"url\":\"https:\/\/mobilrepair.dk\/en\/\",\"logo\":{\"@type\":\"ImageObject\",\"inLanguage\":\"en-US\",\"@id\":\"https:\/\/mobilrepair.dk\/en\/#\/schema\/logo\/image\/\",\"url\":\"https:\/\/mobilrepair.dk\/wp-content\/uploads\/2023\/01\/Mobilrepair-logo-PNG.png\",\"contentUrl\":\"https:\/\/mobilrepair.dk\/wp-content\/uploads\/2023\/01\/Mobilrepair-logo-PNG.png\",\"width\":1890,\"height\":260,\"caption\":\"Mobilrepair Aps\"},\"image\":{\"@id\":\"https:\/\/mobilrepair.dk\/en\/#\/schema\/logo\/image\/\"},\"sameAs\":[\"https:\/\/www.facebook.com\/Mobilrepair.dk\/\",\"https:\/\/www.instagram.com\/mobilrepair\/\"]}]}<\/script>\n<!-- \/ Yoast SEO plugin. -->","yoast_head_json":{"title":"Tryg - inden du sender en enhed til reparation (DK) - Mobilrepair.dk","description":"Tryg - inden du sender en enhed til reparation (DK) - Mobilrepair.dk -","robots":{"index":"index","follow":"follow","max-snippet":"max-snippet:-1","max-image-preview":"max-image-preview:large","max-video-preview":"max-video-preview:-1"},"canonical":"https:\/\/mobilrepair.dk\/en\/tryg\/tryg-inden-du-sender-en-enhed-til-reparation-dk\/","og_locale":"en_US","og_type":"article","og_title":"Tryg - inden du sender en enhed til reparation (DK) - Mobilrepair.dk","og_description":"Tryg - inden du sender en enhed til reparation (DK) - Mobilrepair.dk -","og_url":"https:\/\/mobilrepair.dk\/en\/tryg\/tryg-inden-du-sender-en-enhed-til-reparation-dk\/","og_site_name":"Mobilrepair.dk","article_publisher":"https:\/\/www.facebook.com\/Mobilrepair.dk\/","article_modified_time":"2025-08-08T12:17:15+00:00","og_image":[{"width":1140,"height":430,"url":"https:\/\/mobilrepair.dk\/wp-content\/uploads\/2023\/05\/Tryg-mobil-billed-web2.jpg","type":"image\/jpeg"}],"twitter_card":"summary_large_image","twitter_misc":{"Est. reading time":"3 minutes"},"schema":{"@context":"https:\/\/schema.org","@graph":[{"@type":"WebPage","@id":"https:\/\/mobilrepair.dk\/en\/tryg\/tryg-inden-du-sender-en-enhed-til-reparation-dk\/","url":"https:\/\/mobilrepair.dk\/en\/tryg\/tryg-inden-du-sender-en-enhed-til-reparation-dk\/","name":"Tryg - inden du sender en enhed til reparation (DK) - Mobilrepair.dk","isPartOf":{"@id":"https:\/\/mobilrepair.dk\/en\/#website"},"primaryImageOfPage":{"@id":"https:\/\/mobilrepair.dk\/en\/tryg\/tryg-inden-du-sender-en-enhed-til-reparation-dk\/#primaryimage"},"image":{"@id":"https:\/\/mobilrepair.dk\/en\/tryg\/tryg-inden-du-sender-en-enhed-til-reparation-dk\/#primaryimage"},"thumbnailUrl":"https:\/\/mobilrepair.dk\/wp-content\/uploads\/2023\/05\/Tryg-mobil-billed-web2-1024x386.jpg","datePublished":"2023-06-21T09:18:50+00:00","dateModified":"2025-08-08T12:17:15+00:00","description":"Tryg - inden du sender en enhed til reparation (DK) - Mobilrepair.dk -","breadcrumb":{"@id":"https:\/\/mobilrepair.dk\/en\/tryg\/tryg-inden-du-sender-en-enhed-til-reparation-dk\/#breadcrumb"},"inLanguage":"en-US","potentialAction":[{"@type":"ReadAction","target":["https:\/\/mobilrepair.dk\/en\/tryg\/tryg-inden-du-sender-en-enhed-til-reparation-dk\/"]}]},{"@type":"ImageObject","inLanguage":"en-US","@id":"https:\/\/mobilrepair.dk\/en\/tryg\/tryg-inden-du-sender-en-enhed-til-reparation-dk\/#primaryimage","url":"https:\/\/mobilrepair.dk\/wp-content\/uploads\/2023\/05\/Tryg-mobil-billed-web2-1024x386.jpg","contentUrl":"https:\/\/mobilrepair.dk\/wp-content\/uploads\/2023\/05\/Tryg-mobil-billed-web2-1024x386.jpg"},{"@type":"BreadcrumbList","@id":"https:\/\/mobilrepair.dk\/en\/tryg\/tryg-inden-du-sender-en-enhed-til-reparation-dk\/#breadcrumb","itemListElement":[{"@type":"ListItem","position":1,"name":"Home","item":"https:\/\/mobilrepair.dk\/en\/"},{"@type":"ListItem","position":2,"name":"Tryg - V\u00e6lg Sprog","item":"https:\/\/mobilrepair.dk\/en\/tryg\/"},{"@type":"ListItem","position":3,"name":"Tryg &#8211; inden du sender en enhed til reparation (DK)"}]},{"@type":"WebSite","@id":"https:\/\/mobilrepair.dk\/en\/#website","url":"https:\/\/mobilrepair.dk\/en\/","name":"Mobilrepair.dk","description":"Are you experiencing issues with your device? Then you have come to the right place! Our experienced technicians have the necessary expertise and knowledge to solve any type of problem on your smartphone, laptop, or tablet.","publisher":{"@id":"https:\/\/mobilrepair.dk\/en\/#organization"},"alternateName":"Mobilrepair ApS","potentialAction":[{"@type":"SearchAction","target":{"@type":"EntryPoint","urlTemplate":"https:\/\/mobilrepair.dk\/en\/?s={search_term_string}"},"query-input":{"@type":"PropertyValueSpecification","valueRequired":true,"valueName":"search_term_string"}}],"inLanguage":"en-US"},{"@type":"Organization","@id":"https:\/\/mobilrepair.dk\/en\/#organization","name":"Mobilrepair Aps","alternateName":"Mobilrepair Helsing\u00f8r","url":"https:\/\/mobilrepair.dk\/en\/","logo":{"@type":"ImageObject","inLanguage":"en-US","@id":"https:\/\/mobilrepair.dk\/en\/#\/schema\/logo\/image\/","url":"https:\/\/mobilrepair.dk\/wp-content\/uploads\/2023\/01\/Mobilrepair-logo-PNG.png","contentUrl":"https:\/\/mobilrepair.dk\/wp-content\/uploads\/2023\/01\/Mobilrepair-logo-PNG.png","width":1890,"height":260,"caption":"Mobilrepair Aps"},"image":{"@id":"https:\/\/mobilrepair.dk\/en\/#\/schema\/logo\/image\/"},"sameAs":["https:\/\/www.facebook.com\/Mobilrepair.dk\/","https:\/\/www.instagram.com\/mobilrepair\/"]}]}},"_links":{"self":[{"href":"https:\/\/mobilrepair.dk\/en\/wp-json\/wp\/v2\/pages\/8879","targetHints":{"allow":["GET"]}}],"collection":[{"href":"https:\/\/mobilrepair.dk\/en\/wp-json\/wp\/v2\/pages"}],"about":[{"href":"https:\/\/mobilrepair.dk\/en\/wp-json\/wp\/v2\/types\/page"}],"author":[{"embeddable":true,"href":"https:\/\/mobilrepair.dk\/en\/wp-json\/wp\/v2\/users\/1"}],"replies":[{"embeddable":true,"href":"https:\/\/mobilrepair.dk\/en\/wp-json\/wp\/v2\/comments?post=8879"}],"version-history":[{"count":3,"href":"https:\/\/mobilrepair.dk\/en\/wp-json\/wp\/v2\/pages\/8879\/revisions"}],"predecessor-version":[{"id":10437,"href":"https:\/\/mobilrepair.dk\/en\/wp-json\/wp\/v2\/pages\/8879\/revisions\/10437"}],"up":[{"embeddable":true,"href":"https:\/\/mobilrepair.dk\/en\/wp-json\/wp\/v2\/pages\/8526"}],"wp:attachment":[{"href":"https:\/\/mobilrepair.dk\/en\/wp-json\/wp\/v2\/media?parent=8879"}],"curies":[{"name":"wp","href":"https:\/\/api.w.org\/{rel}","templated":true}]}}