{"id":8881,"date":"2023-06-21T11:20:47","date_gmt":"2023-06-21T09:20:47","guid":{"rendered":"https:\/\/mobilrepair.dk\/?page_id=8881"},"modified":"2025-08-08T14:18:49","modified_gmt":"2025-08-08T12:18:49","slug":"tryg-inden-du-sender-en-enhed-til-reparation-no","status":"publish","type":"page","link":"https:\/\/mobilrepair.dk\/de\/tryg\/tryg-inden-du-sender-en-enhed-til-reparation-no\/","title":{"rendered":"Tryg &#8211; inden du sender en enhed til reparation (NO)"},"content":{"rendered":"<div data-elementor-type=\"wp-page\" data-elementor-id=\"8881\" class=\"elementor elementor-8881\" data-elementor-post-type=\"page\">\n\t\t\t\t<div class=\"elementor-element elementor-element-451058e e-flex e-con-boxed e-con e-parent\" data-id=\"451058e\" data-element_type=\"container\" data-e-type=\"container\">\n\t\t\t\t\t<div class=\"e-con-inner\">\n\t\t\t\t<div class=\"elementor-element elementor-element-663cce7 elementor-widget elementor-widget-image\" data-id=\"663cce7\" data-element_type=\"widget\" data-e-type=\"widget\" data-widget_type=\"image.default\">\n\t\t\t\t<div class=\"elementor-widget-container\">\n\t\t\t\t\t\t\t\t\t\t\t\t\t\t\t<img fetchpriority=\"high\" decoding=\"async\" width=\"800\" height=\"302\" src=\"https:\/\/mobilrepair.dk\/wp-content\/uploads\/2023\/05\/Tryg-mobil-billed-web2-1024x386.jpg\" class=\"attachment-large size-large wp-image-8583\" alt=\"\" srcset=\"https:\/\/mobilrepair.dk\/wp-content\/uploads\/2023\/05\/Tryg-mobil-billed-web2-1024x386.jpg 1024w, https:\/\/mobilrepair.dk\/wp-content\/uploads\/2023\/05\/Tryg-mobil-billed-web2-300x113.jpg 300w, https:\/\/mobilrepair.dk\/wp-content\/uploads\/2023\/05\/Tryg-mobil-billed-web2-768x290.jpg 768w, https:\/\/mobilrepair.dk\/wp-content\/uploads\/2023\/05\/Tryg-mobil-billed-web2-18x7.jpg 18w, https:\/\/mobilrepair.dk\/wp-content\/uploads\/2023\/05\/Tryg-mobil-billed-web2.jpg 1140w\" sizes=\"(max-width: 800px) 100vw, 800px\" \/>\t\t\t\t\t\t\t\t\t\t\t\t\t\t\t<\/div>\n\t\t\t\t<\/div>\n\t\t\t\t<div class=\"elementor-element elementor-element-b0c9430 elementor-widget elementor-widget-heading\" data-id=\"b0c9430\" data-element_type=\"widget\" data-e-type=\"widget\" data-widget_type=\"heading.default\">\n\t\t\t\t<div class=\"elementor-widget-container\">\n\t\t\t\t\t<h2 class=\"elementor-heading-title elementor-size-default\">Viktig f\u00f8r du sender en enhet til reparasjon eller bytte<\/h2>\t\t\t\t<\/div>\n\t\t\t\t<\/div>\n\t\t\t\t\t<\/div>\n\t\t\t\t<\/div>\n\t\t<div class=\"elementor-element elementor-element-c41049d e-flex e-con-boxed e-con e-parent\" data-id=\"c41049d\" data-element_type=\"container\" data-e-type=\"container\">\n\t\t\t\t\t<div class=\"e-con-inner\">\n\t\t\t\t<div class=\"elementor-element elementor-element-f2a0324 elementor-widget elementor-widget-text-editor\" data-id=\"f2a0324\" data-element_type=\"widget\" data-e-type=\"widget\" data-widget_type=\"text-editor.default\">\n\t\t\t\t<div class=\"elementor-widget-container\">\n\t\t\t\t\t\t\t\t\t<p><strong>F\u00f8r du sender enheten din til oss, er det viktig at du gj\u00f8r f\u00f8lgende:<\/strong><\/p><h4><span style=\"color: #c00000;\"><b>Send enheten din til reparasjon:<\/b><\/span><\/h4><ul><li>Lag en sikkerhetskopi av telefonen\/nettbrettet ditt. Noen reparasjoner medf\u00f8rer at alle data blir slettet p\u00e5 enheten. Det er synd \u00e5 miste alle bildene og kontaktene dine, s\u00e5 husk \u00e5 lage en sikkerhetskopi!<\/li><li>Slett alle koder (skjerml\u00e5s osv.) hvis du ikke vil dele dem med oss.<ul><li>Hvis du har en iPhone\/iPad\/MacBook, m\u00e5 du deaktivere &#8220;Finn min\/Finn enheter&#8221; p\u00e5 enheten, ellers kan vi ikke reparere enheten din.<\/li><li>Hvis du har en Android, m\u00e5 du ogs\u00e5 s\u00f8rge for at du har logget ut Google-kontoen din.<\/li><\/ul><\/li><\/ul><p><strong><em><span style=\"text-align: var(--text-align); color: var( --e-global-color-text ); font-family: var( --e-global-typography-text-font-family ), Sans-serif; font-size: var( --e-global-typography-text-font-size ); letter-spacing: var( --e-global-typography-text-letter-spacing ); text-transform: var( --e-global-typography-text-text-transform ); word-spacing: var( --e-global-typography-text-word-spacing );\">Du kan lese mer om hvordan du s\u00f8rger for at enheten din ikke er l\u00e5st, nederst p\u00e5 siden under &#8220;Apple iOS&#8221; og &#8220;Android&#8221;. Dette gjelder ogs\u00e5 selv om enheten din ikke lenger kan sl\u00e5s p\u00e5.<\/span><\/em><\/strong><\/p><ul><li>Hvis det er snakk om en periodisk feil p\u00e5 enheten din, m\u00e5 du IKKE tilbakestille mobilen din. Teknikeren trenger enhetens loggfiler for \u00e5 feils\u00f8ke, og disse forsvinner hvis du tilbakestiller enheten.<\/li><li>Husk \u00e5 fjerne eventuelle SIM-kort og minnekort fra enheten f\u00f8r du sender den.<\/li><\/ul><div>\u00a0<\/div><h4><span style=\"color: #c00000;\"><b>Send enheten din til SWAP:<\/b><\/span><\/h4><p><strong>Apple iOS:<\/strong> Hvis du eier en iPhone eller iPad, m\u00e5 du f\u00f8rst sikkerhetskopiere dataene dine til skyen. Deretter skal du g\u00e5 til innstillingene, trykke p\u00e5 &#8220;Tilbakestill&#8221; og deretter velge &#8220;Slett alt innhold og alle innstillinger&#8221;. Etter \u00e5 ha tastet inn koden din, vil enheten automatisk slette alle data og starte p\u00e5 ny som om den var helt ny.<\/p><p><strong>Android:<\/strong> Hvis du bruker en Android-enhet, skal du f\u00f8rst sikkerhetskopiere dataene dine til skyen og s\u00f8rge for at dataene dine er kryptert. Dette kan gj\u00f8res ved \u00e5 g\u00e5 inn i sikkerhetsmenyen og aktivere &#8220;Beskytt krypterte data&#8221;-innstillingen. Deretter skal du velge &#8220;Tilbakestill telefonen&#8221;, og enheten vil slette alt kryptert innhold og starte p\u00e5 ny som om den var ny.<\/p><p><b>Enheten er n\u00e5 klar til \u00e5 sendes.<br \/><\/b>Du er alltid velkommen til \u00e5 ringe hvis du har sp\u00f8rsm\u00e5l om skaden din.<\/p><p><strong>Les her om hvordan du fjerner forskjellige l\u00e5ser fra enheten din.<br \/><\/strong>Trykk p\u00e5 linkene i teksten for \u00e5 f\u00e5 flere detaljer.<\/p>\t\t\t\t\t\t\t\t<\/div>\n\t\t\t\t<\/div>\n\t\t\t\t<div class=\"elementor-element elementor-element-a287de3 elementor-widget elementor-widget-accordion\" data-id=\"a287de3\" data-element_type=\"widget\" data-e-type=\"widget\" data-widget_type=\"accordion.default\">\n\t\t\t\t<div class=\"elementor-widget-container\">\n\t\t\t\t\t\t\t<div class=\"elementor-accordion\">\n\t\t\t\t\t\t\t<div class=\"elementor-accordion-item\">\n\t\t\t\t\t<div id=\"elementor-tab-title-1701\" class=\"elementor-tab-title\" data-tab=\"1\" role=\"button\" aria-controls=\"elementor-tab-content-1701\" aria-expanded=\"false\">\n\t\t\t\t\t\t\t\t\t\t\t\t\t<span class=\"elementor-accordion-icon elementor-accordion-icon-left\" aria-hidden=\"true\">\n\t\t\t\t\t\t\t\t\t\t\t\t\t\t\t<span class=\"elementor-accordion-icon-closed\"><svg class=\"e-font-icon-svg e-far-caret-square-down\" viewbox=\"0 0 448 512\" xmlns=\"http:\/\/www.w3.org\/2000\/svg\"><path d=\"M125.1 208h197.8c10.7 0 16.1 13 8.5 20.5l-98.9 98.3c-4.7 4.7-12.2 4.7-16.9 0l-98.9-98.3c-7.7-7.5-2.3-20.5 8.4-20.5zM448 80v352c0 26.5-21.5 48-48 48H48c-26.5 0-48-21.5-48-48V80c0-26.5 21.5-48 48-48h352c26.5 0 48 21.5 48 48zm-48 346V86c0-3.3-2.7-6-6-6H54c-3.3 0-6 2.7-6 6v340c0 3.3 2.7 6 6 6h340c3.3 0 6-2.7 6-6z\"><\/path><\/svg><\/span>\n\t\t\t\t\t\t\t\t<span class=\"elementor-accordion-icon-opened\"><svg class=\"e-font-icon-svg e-far-caret-square-up\" viewbox=\"0 0 448 512\" xmlns=\"http:\/\/www.w3.org\/2000\/svg\"><path d=\"M322.9 304H125.1c-10.7 0-16.1-13-8.5-20.5l98.9-98.3c4.7-4.7 12.2-4.7 16.9 0l98.9 98.3c7.7 7.5 2.3 20.5-8.4 20.5zM448 80v352c0 26.5-21.5 48-48 48H48c-26.5 0-48-21.5-48-48V80c0-26.5 21.5-48 48-48h352c26.5 0 48 21.5 48 48zm-48 346V86c0-3.3-2.7-6-6-6H54c-3.3 0-6 2.7-6 6v340c0 3.3 2.7 6 6 6h340c3.3 0 6-2.7 6-6z\"><\/path><\/svg><\/span>\n\t\t\t\t\t\t\t\t\t\t\t\t\t\t<\/span>\n\t\t\t\t\t\t\t\t\t\t\t\t<a class=\"elementor-accordion-title\" tabindex=\"0\">Apple iOS<\/a>\n\t\t\t\t\t<\/div>\n\t\t\t\t\t<div id=\"elementor-tab-content-1701\" class=\"elementor-tab-content elementor-clearfix\" data-tab=\"1\" role=\"region\" aria-labelledby=\"elementor-tab-title-1701\"><p>F\u00f8lg disse trinnene f\u00f8r du sender enheten til reparasjon eller utskifting. Hvis enheten ikke sl\u00e5r seg p\u00e5 eller reagerer, b\u00f8r du utf\u00f8re s\u00e5 mange trinn som mulig:<\/p><ol><li><a href=\"https:\/\/support.apple.com\/da-dk\/HT203977\">Lag en sikkerhetskopi av din iOS- eller iPadOS-enhetikkerhedskopier din iOS- eller iPadOS-enhed<\/a>. For \u00e5 beskytte dine data, b\u00f8r du <a href=\"https:\/\/support.apple.com\/no-no\/HT201274\">slette dataene p\u00e5 din iOS- eller iPadOS-enhet<\/a>.\u00a0<\/li><li><a href=\"https:\/\/support.apple.com\/no-no\/HT205064\">Fjern enheten fra enhetslisten for ditt Apple-ID<\/a>.<\/li><li><a href=\"https:\/\/support.apple.com\/da-dk\/HT201337\">Fjern SIM-kortet fra din iOS-,<\/a>\u00a0eller\u00a0<a href=\"https:\/\/support.apple.com\/no-no\/HT205064\" aria-label=\"fjern SIM-kortet fra din iPadOS-enhed\">iPadOS-enhed<\/a>, hvis den bruker ett, og oppbevar det p\u00e5 et trygt sted. Hvis din iOS-enhet ikke bruker et SIM-kort, b\u00f8r du eventuelt kontakte din tr\u00e5dl\u00f8se tjenesteleverand\u00f8r og be om et nytt eSIM, eller f\u00e5 tjenesten suspendert.\u00a0<\/li><\/ol><\/div>\n\t\t\t\t<\/div>\n\t\t\t\t\t\t\t<div class=\"elementor-accordion-item\">\n\t\t\t\t\t<div id=\"elementor-tab-title-1702\" class=\"elementor-tab-title\" data-tab=\"2\" role=\"button\" aria-controls=\"elementor-tab-content-1702\" aria-expanded=\"false\">\n\t\t\t\t\t\t\t\t\t\t\t\t\t<span class=\"elementor-accordion-icon elementor-accordion-icon-left\" aria-hidden=\"true\">\n\t\t\t\t\t\t\t\t\t\t\t\t\t\t\t<span class=\"elementor-accordion-icon-closed\"><svg class=\"e-font-icon-svg e-far-caret-square-down\" viewbox=\"0 0 448 512\" xmlns=\"http:\/\/www.w3.org\/2000\/svg\"><path d=\"M125.1 208h197.8c10.7 0 16.1 13 8.5 20.5l-98.9 98.3c-4.7 4.7-12.2 4.7-16.9 0l-98.9-98.3c-7.7-7.5-2.3-20.5 8.4-20.5zM448 80v352c0 26.5-21.5 48-48 48H48c-26.5 0-48-21.5-48-48V80c0-26.5 21.5-48 48-48h352c26.5 0 48 21.5 48 48zm-48 346V86c0-3.3-2.7-6-6-6H54c-3.3 0-6 2.7-6 6v340c0 3.3 2.7 6 6 6h340c3.3 0 6-2.7 6-6z\"><\/path><\/svg><\/span>\n\t\t\t\t\t\t\t\t<span class=\"elementor-accordion-icon-opened\"><svg class=\"e-font-icon-svg e-far-caret-square-up\" viewbox=\"0 0 448 512\" xmlns=\"http:\/\/www.w3.org\/2000\/svg\"><path d=\"M322.9 304H125.1c-10.7 0-16.1-13-8.5-20.5l98.9-98.3c4.7-4.7 12.2-4.7 16.9 0l98.9 98.3c7.7 7.5 2.3 20.5-8.4 20.5zM448 80v352c0 26.5-21.5 48-48 48H48c-26.5 0-48-21.5-48-48V80c0-26.5 21.5-48 48-48h352c26.5 0 48 21.5 48 48zm-48 346V86c0-3.3-2.7-6-6-6H54c-3.3 0-6 2.7-6 6v340c0 3.3 2.7 6 6 6h340c3.3 0 6-2.7 6-6z\"><\/path><\/svg><\/span>\n\t\t\t\t\t\t\t\t\t\t\t\t\t\t<\/span>\n\t\t\t\t\t\t\t\t\t\t\t\t<a class=\"elementor-accordion-title\" tabindex=\"0\">Android<\/a>\n\t\t\t\t\t<\/div>\n\t\t\t\t\t<div id=\"elementor-tab-content-1702\" class=\"elementor-tab-content elementor-clearfix\" data-tab=\"2\" role=\"region\" aria-labelledby=\"elementor-tab-title-1702\"><p class=\"p1\"><b>Samsung-konto:<\/b><br \/>\u00c5 fjerne Samsung-kontoen din er ikke det samme som \u00e5 slette kontoen din. Du kan trygt fjerne kontoen din fra enheten uten \u00e5 miste dataene dine. Se hvordan her:<a href=\"https:\/\/www.samsung.com\/no\/support\/mobile-devices\/remove-accounts-from-your-galaxy-phone-or-tablet\/\"><span class=\"s2\"> Fjern Google-konto<\/span><\/a>.<\/p><p class=\"p1\"><b>Google-konto:<\/b><br \/>For \u00e5 fjerne Google-kontoen din fra enheten, b\u00f8r du f\u00f8lge denne veiledningen:<a href=\"https:\/\/support.google.com\/android\/answer\/7664951?hl=no\"><span class=\"s2\"> Fjern Google-konto.<\/span><\/a><\/p><p class=\"p1\"><b>Android-skjerml\u00e5s:<\/b><br \/><span class=\"s2\">Hvis du har en Android-enhet, b\u00f8r du fjerne skjerml\u00e5sen. Du kan se hvordan ved \u00e5 klikke <\/span><a href=\"https:\/\/support.google.com\/android\/answer\/9079129?hl=no\"><span class=\"s2\">her.<\/span><\/a><\/p><\/div>\n\t\t\t\t<\/div>\n\t\t\t\t\t\t\t\t<\/div>\n\t\t\t\t\t\t<\/div>\n\t\t\t\t<\/div>\n\t\t\t\t<div class=\"elementor-element elementor-element-a7b31f7 elementor-widget elementor-widget-image\" data-id=\"a7b31f7\" data-element_type=\"widget\" data-e-type=\"widget\" data-widget_type=\"image.default\">\n\t\t\t\t<div class=\"elementor-widget-container\">\n\t\t\t\t\t\t\t\t\t\t\t\t\t\t\t\t<a href=\"https:\/\/affinity.tryg.dk\/mobil\" target=\"_blank\">\n\t\t\t\t\t\t\t<img decoding=\"async\" width=\"200\" height=\"86\" src=\"https:\/\/mobilrepair.dk\/wp-content\/uploads\/2023\/05\/Tryg_logo_ny.png\" class=\"attachment-medium_large size-medium_large wp-image-8578\" alt=\"\" srcset=\"https:\/\/mobilrepair.dk\/wp-content\/uploads\/2023\/05\/Tryg_logo_ny.png 200w, https:\/\/mobilrepair.dk\/wp-content\/uploads\/2023\/05\/Tryg_logo_ny-18x8.png 18w\" sizes=\"(max-width: 200px) 100vw, 200px\" \/>\t\t\t\t\t\t\t\t<\/a>\n\t\t\t\t\t\t\t\t\t\t\t\t\t\t\t<\/div>\n\t\t\t\t<\/div>\n\t\t\t\t\t<\/div>\n\t\t\t\t<\/div>\n\t\t\t\t<\/div>","protected":false},"excerpt":{"rendered":"<p>Viktig f\u00f8r du sender en enhet til reparasjon eller bytte F\u00f8r du sender enheten din til oss, er det viktig at du gj\u00f8r f\u00f8lgende: Send enheten din til reparasjon: Lag en sikkerhetskopi av telefonen\/nettbrettet ditt. Noen reparasjoner medf\u00f8rer at alle data blir slettet p\u00e5 enheten. Det er synd \u00e5 miste alle bildene og kontaktene dine, [&hellip;]<\/p>\n","protected":false},"author":1,"featured_media":0,"parent":8526,"menu_order":0,"comment_status":"closed","ping_status":"closed","template":"elementor_canvas","meta":{"_acf_changed":false,"footnotes":""},"class_list":["post-8881","page","type-page","status-publish","hentry"],"acf":[],"yoast_head":"<!-- This site is optimized with the Yoast SEO plugin v27.4 - https:\/\/yoast.com\/product\/yoast-seo-wordpress\/ -->\n<title>Tryg - inden du sender en enhed til reparation (NO) - Mobilrepair.dk<\/title>\n<meta name=\"description\" content=\"Tryg - inden du sender en enhed til reparation (NO) - Mobilrepair.dk -\" \/>\n<meta name=\"robots\" content=\"index, follow, max-snippet:-1, max-image-preview:large, max-video-preview:-1\" \/>\n<link rel=\"canonical\" href=\"https:\/\/mobilrepair.dk\/de\/tryg\/tryg-inden-du-sender-en-enhed-til-reparation-no\/\" \/>\n<meta property=\"og:locale\" content=\"de_DE\" \/>\n<meta property=\"og:type\" content=\"article\" \/>\n<meta property=\"og:title\" content=\"Tryg - inden du sender en enhed til reparation (NO) - Mobilrepair.dk\" \/>\n<meta property=\"og:description\" content=\"Tryg - inden du sender en enhed til reparation (NO) - Mobilrepair.dk -\" \/>\n<meta property=\"og:url\" content=\"https:\/\/mobilrepair.dk\/de\/tryg\/tryg-inden-du-sender-en-enhed-til-reparation-no\/\" \/>\n<meta property=\"og:site_name\" content=\"Mobilrepair.dk\" \/>\n<meta property=\"article:publisher\" content=\"https:\/\/www.facebook.com\/Mobilrepair.dk\/\" \/>\n<meta property=\"article:modified_time\" content=\"2025-08-08T12:18:49+00:00\" \/>\n<meta property=\"og:image\" content=\"https:\/\/mobilrepair.dk\/wp-content\/uploads\/2023\/05\/Tryg-mobil-billed-web2.jpg\" \/>\n\t<meta property=\"og:image:width\" content=\"1140\" \/>\n\t<meta property=\"og:image:height\" content=\"430\" \/>\n\t<meta property=\"og:image:type\" content=\"image\/jpeg\" \/>\n<meta name=\"twitter:card\" content=\"summary_large_image\" \/>\n<meta name=\"twitter:label1\" content=\"Gesch\u00e4tzte Lesezeit\" \/>\n\t<meta name=\"twitter:data1\" content=\"3\u00a0Minuten\" \/>\n<script type=\"application\/ld+json\" class=\"yoast-schema-graph\">{\"@context\":\"https:\\\/\\\/schema.org\",\"@graph\":[{\"@type\":\"WebPage\",\"@id\":\"https:\\\/\\\/mobilrepair.dk\\\/de\\\/tryg\\\/tryg-inden-du-sender-en-enhed-til-reparation-no\\\/\",\"url\":\"https:\\\/\\\/mobilrepair.dk\\\/de\\\/tryg\\\/tryg-inden-du-sender-en-enhed-til-reparation-no\\\/\",\"name\":\"Tryg - inden du sender en enhed til reparation (NO) - Mobilrepair.dk\",\"isPartOf\":{\"@id\":\"https:\\\/\\\/mobilrepair.dk\\\/de\\\/#website\"},\"primaryImageOfPage\":{\"@id\":\"https:\\\/\\\/mobilrepair.dk\\\/de\\\/tryg\\\/tryg-inden-du-sender-en-enhed-til-reparation-no\\\/#primaryimage\"},\"image\":{\"@id\":\"https:\\\/\\\/mobilrepair.dk\\\/de\\\/tryg\\\/tryg-inden-du-sender-en-enhed-til-reparation-no\\\/#primaryimage\"},\"thumbnailUrl\":\"https:\\\/\\\/mobilrepair.dk\\\/wp-content\\\/uploads\\\/2023\\\/05\\\/Tryg-mobil-billed-web2-1024x386.jpg\",\"datePublished\":\"2023-06-21T09:20:47+00:00\",\"dateModified\":\"2025-08-08T12:18:49+00:00\",\"description\":\"Tryg - inden du sender en enhed til reparation (NO) - Mobilrepair.dk -\",\"breadcrumb\":{\"@id\":\"https:\\\/\\\/mobilrepair.dk\\\/de\\\/tryg\\\/tryg-inden-du-sender-en-enhed-til-reparation-no\\\/#breadcrumb\"},\"inLanguage\":\"de\",\"potentialAction\":[{\"@type\":\"ReadAction\",\"target\":[\"https:\\\/\\\/mobilrepair.dk\\\/de\\\/tryg\\\/tryg-inden-du-sender-en-enhed-til-reparation-no\\\/\"]}]},{\"@type\":\"ImageObject\",\"inLanguage\":\"de\",\"@id\":\"https:\\\/\\\/mobilrepair.dk\\\/de\\\/tryg\\\/tryg-inden-du-sender-en-enhed-til-reparation-no\\\/#primaryimage\",\"url\":\"https:\\\/\\\/mobilrepair.dk\\\/wp-content\\\/uploads\\\/2023\\\/05\\\/Tryg-mobil-billed-web2-1024x386.jpg\",\"contentUrl\":\"https:\\\/\\\/mobilrepair.dk\\\/wp-content\\\/uploads\\\/2023\\\/05\\\/Tryg-mobil-billed-web2-1024x386.jpg\"},{\"@type\":\"BreadcrumbList\",\"@id\":\"https:\\\/\\\/mobilrepair.dk\\\/de\\\/tryg\\\/tryg-inden-du-sender-en-enhed-til-reparation-no\\\/#breadcrumb\",\"itemListElement\":[{\"@type\":\"ListItem\",\"position\":1,\"name\":\"Home\",\"item\":\"https:\\\/\\\/mobilrepair.dk\\\/en\\\/\"},{\"@type\":\"ListItem\",\"position\":2,\"name\":\"Tryg - V\u00e6lg Sprog\",\"item\":\"https:\\\/\\\/mobilrepair.dk\\\/de\\\/tryg\\\/\"},{\"@type\":\"ListItem\",\"position\":3,\"name\":\"Tryg &#8211; inden du sender en enhed til reparation (NO)\"}]},{\"@type\":\"WebSite\",\"@id\":\"https:\\\/\\\/mobilrepair.dk\\\/de\\\/#website\",\"url\":\"https:\\\/\\\/mobilrepair.dk\\\/de\\\/\",\"name\":\"Mobilrepair.dk\",\"description\":\"Are you experiencing issues with your device? Then you have come to the right place! Our experienced technicians have the necessary expertise and knowledge to solve any type of problem on your smartphone, laptop, or tablet.\",\"publisher\":{\"@id\":\"https:\\\/\\\/mobilrepair.dk\\\/de\\\/#organization\"},\"alternateName\":\"Mobilrepair ApS\",\"potentialAction\":[{\"@type\":\"SearchAction\",\"target\":{\"@type\":\"EntryPoint\",\"urlTemplate\":\"https:\\\/\\\/mobilrepair.dk\\\/de\\\/?s={search_term_string}\"},\"query-input\":{\"@type\":\"PropertyValueSpecification\",\"valueRequired\":true,\"valueName\":\"search_term_string\"}}],\"inLanguage\":\"de\"},{\"@type\":\"Organization\",\"@id\":\"https:\\\/\\\/mobilrepair.dk\\\/de\\\/#organization\",\"name\":\"Mobilrepair Aps\",\"alternateName\":\"Mobilrepair Helsing\u00f8r\",\"url\":\"https:\\\/\\\/mobilrepair.dk\\\/de\\\/\",\"logo\":{\"@type\":\"ImageObject\",\"inLanguage\":\"de\",\"@id\":\"https:\\\/\\\/mobilrepair.dk\\\/de\\\/#\\\/schema\\\/logo\\\/image\\\/\",\"url\":\"https:\\\/\\\/mobilrepair.dk\\\/wp-content\\\/uploads\\\/2023\\\/01\\\/Mobilrepair-logo-PNG.png\",\"contentUrl\":\"https:\\\/\\\/mobilrepair.dk\\\/wp-content\\\/uploads\\\/2023\\\/01\\\/Mobilrepair-logo-PNG.png\",\"width\":1890,\"height\":260,\"caption\":\"Mobilrepair Aps\"},\"image\":{\"@id\":\"https:\\\/\\\/mobilrepair.dk\\\/de\\\/#\\\/schema\\\/logo\\\/image\\\/\"},\"sameAs\":[\"https:\\\/\\\/www.facebook.com\\\/Mobilrepair.dk\\\/\",\"https:\\\/\\\/www.instagram.com\\\/mobilrepair\\\/\"]}]}<\/script>\n<!-- \/ Yoast SEO plugin. -->","yoast_head_json":{"title":"Tryg - inden du sender en enhed til reparation (NO) - Mobilrepair.dk","description":"Tryg - inden du sender en enhed til reparation (NO) - Mobilrepair.dk -","robots":{"index":"index","follow":"follow","max-snippet":"max-snippet:-1","max-image-preview":"max-image-preview:large","max-video-preview":"max-video-preview:-1"},"canonical":"https:\/\/mobilrepair.dk\/de\/tryg\/tryg-inden-du-sender-en-enhed-til-reparation-no\/","og_locale":"de_DE","og_type":"article","og_title":"Tryg - inden du sender en enhed til reparation (NO) - Mobilrepair.dk","og_description":"Tryg - inden du sender en enhed til reparation (NO) - Mobilrepair.dk -","og_url":"https:\/\/mobilrepair.dk\/de\/tryg\/tryg-inden-du-sender-en-enhed-til-reparation-no\/","og_site_name":"Mobilrepair.dk","article_publisher":"https:\/\/www.facebook.com\/Mobilrepair.dk\/","article_modified_time":"2025-08-08T12:18:49+00:00","og_image":[{"width":1140,"height":430,"url":"https:\/\/mobilrepair.dk\/wp-content\/uploads\/2023\/05\/Tryg-mobil-billed-web2.jpg","type":"image\/jpeg"}],"twitter_card":"summary_large_image","twitter_misc":{"Gesch\u00e4tzte Lesezeit":"3\u00a0Minuten"},"schema":{"@context":"https:\/\/schema.org","@graph":[{"@type":"WebPage","@id":"https:\/\/mobilrepair.dk\/de\/tryg\/tryg-inden-du-sender-en-enhed-til-reparation-no\/","url":"https:\/\/mobilrepair.dk\/de\/tryg\/tryg-inden-du-sender-en-enhed-til-reparation-no\/","name":"Tryg - inden du sender en enhed til reparation (NO) - Mobilrepair.dk","isPartOf":{"@id":"https:\/\/mobilrepair.dk\/de\/#website"},"primaryImageOfPage":{"@id":"https:\/\/mobilrepair.dk\/de\/tryg\/tryg-inden-du-sender-en-enhed-til-reparation-no\/#primaryimage"},"image":{"@id":"https:\/\/mobilrepair.dk\/de\/tryg\/tryg-inden-du-sender-en-enhed-til-reparation-no\/#primaryimage"},"thumbnailUrl":"https:\/\/mobilrepair.dk\/wp-content\/uploads\/2023\/05\/Tryg-mobil-billed-web2-1024x386.jpg","datePublished":"2023-06-21T09:20:47+00:00","dateModified":"2025-08-08T12:18:49+00:00","description":"Tryg - inden du sender en enhed til reparation (NO) - Mobilrepair.dk -","breadcrumb":{"@id":"https:\/\/mobilrepair.dk\/de\/tryg\/tryg-inden-du-sender-en-enhed-til-reparation-no\/#breadcrumb"},"inLanguage":"de","potentialAction":[{"@type":"ReadAction","target":["https:\/\/mobilrepair.dk\/de\/tryg\/tryg-inden-du-sender-en-enhed-til-reparation-no\/"]}]},{"@type":"ImageObject","inLanguage":"de","@id":"https:\/\/mobilrepair.dk\/de\/tryg\/tryg-inden-du-sender-en-enhed-til-reparation-no\/#primaryimage","url":"https:\/\/mobilrepair.dk\/wp-content\/uploads\/2023\/05\/Tryg-mobil-billed-web2-1024x386.jpg","contentUrl":"https:\/\/mobilrepair.dk\/wp-content\/uploads\/2023\/05\/Tryg-mobil-billed-web2-1024x386.jpg"},{"@type":"BreadcrumbList","@id":"https:\/\/mobilrepair.dk\/de\/tryg\/tryg-inden-du-sender-en-enhed-til-reparation-no\/#breadcrumb","itemListElement":[{"@type":"ListItem","position":1,"name":"Home","item":"https:\/\/mobilrepair.dk\/en\/"},{"@type":"ListItem","position":2,"name":"Tryg - V\u00e6lg Sprog","item":"https:\/\/mobilrepair.dk\/de\/tryg\/"},{"@type":"ListItem","position":3,"name":"Tryg &#8211; inden du sender en enhed til reparation (NO)"}]},{"@type":"WebSite","@id":"https:\/\/mobilrepair.dk\/de\/#website","url":"https:\/\/mobilrepair.dk\/de\/","name":"Mobilrepair.dk","description":"Are you experiencing issues with your device? Then you have come to the right place! Our experienced technicians have the necessary expertise and knowledge to solve any type of problem on your smartphone, laptop, or tablet.","publisher":{"@id":"https:\/\/mobilrepair.dk\/de\/#organization"},"alternateName":"Mobilrepair ApS","potentialAction":[{"@type":"SearchAction","target":{"@type":"EntryPoint","urlTemplate":"https:\/\/mobilrepair.dk\/de\/?s={search_term_string}"},"query-input":{"@type":"PropertyValueSpecification","valueRequired":true,"valueName":"search_term_string"}}],"inLanguage":"de"},{"@type":"Organization","@id":"https:\/\/mobilrepair.dk\/de\/#organization","name":"Mobilrepair Aps","alternateName":"Mobilrepair Helsing\u00f8r","url":"https:\/\/mobilrepair.dk\/de\/","logo":{"@type":"ImageObject","inLanguage":"de","@id":"https:\/\/mobilrepair.dk\/de\/#\/schema\/logo\/image\/","url":"https:\/\/mobilrepair.dk\/wp-content\/uploads\/2023\/01\/Mobilrepair-logo-PNG.png","contentUrl":"https:\/\/mobilrepair.dk\/wp-content\/uploads\/2023\/01\/Mobilrepair-logo-PNG.png","width":1890,"height":260,"caption":"Mobilrepair Aps"},"image":{"@id":"https:\/\/mobilrepair.dk\/de\/#\/schema\/logo\/image\/"},"sameAs":["https:\/\/www.facebook.com\/Mobilrepair.dk\/","https:\/\/www.instagram.com\/mobilrepair\/"]}]}},"_links":{"self":[{"href":"https:\/\/mobilrepair.dk\/de\/wp-json\/wp\/v2\/pages\/8881","targetHints":{"allow":["GET"]}}],"collection":[{"href":"https:\/\/mobilrepair.dk\/de\/wp-json\/wp\/v2\/pages"}],"about":[{"href":"https:\/\/mobilrepair.dk\/de\/wp-json\/wp\/v2\/types\/page"}],"author":[{"embeddable":true,"href":"https:\/\/mobilrepair.dk\/de\/wp-json\/wp\/v2\/users\/1"}],"replies":[{"embeddable":true,"href":"https:\/\/mobilrepair.dk\/de\/wp-json\/wp\/v2\/comments?post=8881"}],"version-history":[{"count":3,"href":"https:\/\/mobilrepair.dk\/de\/wp-json\/wp\/v2\/pages\/8881\/revisions"}],"predecessor-version":[{"id":10443,"href":"https:\/\/mobilrepair.dk\/de\/wp-json\/wp\/v2\/pages\/8881\/revisions\/10443"}],"up":[{"embeddable":true,"href":"https:\/\/mobilrepair.dk\/de\/wp-json\/wp\/v2\/pages\/8526"}],"wp:attachment":[{"href":"https:\/\/mobilrepair.dk\/de\/wp-json\/wp\/v2\/media?parent=8881"}],"curies":[{"name":"wp","href":"https:\/\/api.w.org\/{rel}","templated":true}]}}