{"id":6785,"date":"2023-02-13T17:56:23","date_gmt":"2023-02-13T16:56:23","guid":{"rendered":"https:\/\/mobilrepair.dk\/?page_id=6785"},"modified":"2025-04-28T10:07:00","modified_gmt":"2025-04-28T08:07:00","slug":"computers","status":"publish","type":"page","link":"https:\/\/mobilrepair.dk\/da\/repairs\/computers\/","title":{"rendered":"Computer"},"content":{"rendered":"<div data-elementor-type=\"wp-page\" data-elementor-id=\"6785\" class=\"elementor elementor-6785\" data-elementor-post-type=\"page\">\n\t\t\t\t<div class=\"elementor-element elementor-element-058fe1d e-flex e-con-boxed e-con e-parent\" data-id=\"058fe1d\" data-element_type=\"container\" data-e-type=\"container\">\n\t\t\t\t\t<div class=\"e-con-inner\">\n\t\t\t\t<div class=\"elementor-element elementor-element-006fbf0 elementor-widget elementor-widget-image\" data-id=\"006fbf0\" data-element_type=\"widget\" data-e-type=\"widget\" data-widget_type=\"image.default\">\n\t\t\t\t<div class=\"elementor-widget-container\">\n\t\t\t\t\t\t\t\t\t\t\t\t\t\t\t<img fetchpriority=\"high\" decoding=\"async\" width=\"768\" height=\"494\" src=\"https:\/\/mobilrepair.dk\/wp-content\/uploads\/2023\/01\/laptop_low-768x494.webp\" class=\"attachment-medium_large size-medium_large wp-image-9378\" alt=\"\" srcset=\"https:\/\/mobilrepair.dk\/wp-content\/uploads\/2023\/01\/laptop_low-768x494.webp 768w, https:\/\/mobilrepair.dk\/wp-content\/uploads\/2023\/01\/laptop_low-300x193.webp 300w, https:\/\/mobilrepair.dk\/wp-content\/uploads\/2023\/01\/laptop_low-18x12.webp 18w, https:\/\/mobilrepair.dk\/wp-content\/uploads\/2023\/01\/laptop_low.webp 1000w\" sizes=\"(max-width: 768px) 100vw, 768px\" \/>\t\t\t\t\t\t\t\t\t\t\t\t\t\t\t<\/div>\n\t\t\t\t<\/div>\n\t\t\t\t<div class=\"elementor-element elementor-element-f9b316c elementor-widget elementor-widget-text-editor\" data-id=\"f9b316c\" data-element_type=\"widget\" data-e-type=\"widget\" data-widget_type=\"text-editor.default\">\n\t\t\t\t<div class=\"elementor-widget-container\">\n\t\t\t\t\t\t\t\t\t<p class=\"p1\">Som en uafh\u00e6ngig reparationsudbyder (IRP) af Apple-produkter har vi ekspertisen til at reparere et bredt udvalg af MacBooks, iPhones og iPads. Hvis du har en b\u00e6rbar eller station\u00e6r computer fra m\u00e6rker som Dell, Lenovo, Acer eller et andet m\u00e6rke, kan vi ogs\u00e5 reparere den. Kom til vores butik, og vi vil diagnosticere problemet og fort\u00e6lle dig, hvad der skal g\u00f8res for at f\u00e5 din computer til at k\u00f8re ordentligt igen.<\/p><p class=\"p1\">Hos Mobilrepair reparerer vi computer for b\u00e5de private kunder, for store og sm\u00e5 virksomheder og kommuner\u00a0i hele Norden. Du er altid velkommen i vores butik, hvis du som privatkunde har brug for r\u00e5d og\u00a0vejledning. Hvis du som virksomhed er interesseret i at h\u00f8re mere om vores\u00a0virksomhedsordninger, er du velkommen til at tage kontakt til os eller l\u00e6se mere om vores\u00a0ordninger <a href=\"https:\/\/mobilrepair.dk\/business\/\" target=\"_blank\" rel=\"noopener\">her<\/a>.<\/p><p class=\"p1\">Bem\u00e6rk at Mobilrepair kan tilbyde reparationer af Surface og Chromebooks.<\/p>\t\t\t\t\t\t\t\t<\/div>\n\t\t\t\t<\/div>\n\t\t\t\t\t<\/div>\n\t\t\t\t<\/div>\n\t\t<div class=\"elementor-element elementor-element-15c13a2 e-flex e-con-boxed e-con e-parent\" data-id=\"15c13a2\" data-element_type=\"container\" data-e-type=\"container\">\n\t\t\t\t\t<div class=\"e-con-inner\">\n\t\t\t\t<div class=\"elementor-element elementor-element-458b3f6 elementor-align-center elementor-widget elementor-widget-button\" data-id=\"458b3f6\" data-element_type=\"widget\" data-e-type=\"widget\" data-widget_type=\"button.default\">\n\t\t\t\t<div class=\"elementor-widget-container\">\n\t\t\t\t\t\t\t\t\t<div class=\"elementor-button-wrapper\">\n\t\t\t\t\t<a class=\"elementor-button elementor-button-link elementor-size-sm\" href=\"https:\/\/mobilrepair.dk\/da\/contact-us\/\">\n\t\t\t\t\t\t<span class=\"elementor-button-content-wrapper\">\n\t\t\t\t\t\t\t\t\t<span class=\"elementor-button-text\">Kontakt os<\/span>\n\t\t\t\t\t<\/span>\n\t\t\t\t\t<\/a>\n\t\t\t\t<\/div>\n\t\t\t\t\t\t\t\t<\/div>\n\t\t\t\t<\/div>\n\t\t\t\t\t<\/div>\n\t\t\t\t<\/div>\n\t\t\t\t<\/div>","protected":false},"excerpt":{"rendered":"<p>As an independent repair provider of Apple products, we have the expertise to repair a wide range of MacBooks, iPhones, and iPads. If you have a laptop or desktop computer from brands like Dell, Lenovo, Acer, or another brand, we can also fix it. Come to our store and we will diagnose the problem and [&hellip;]<\/p>\n","protected":false},"author":1,"featured_media":0,"parent":0,"menu_order":0,"comment_status":"closed","ping_status":"closed","template":"elementor_header_footer","meta":{"_acf_changed":false,"footnotes":""},"class_list":["post-6785","page","type-page","status-publish","hentry"],"acf":[],"yoast_head":"<!-- This site is optimized with the Yoast SEO plugin v27.5 - https:\/\/yoast.com\/product\/yoast-seo-wordpress\/ -->\n<title>Computer reparationer<\/title>\n<meta name=\"description\" content=\"Computers - Mobilrepair.dk -\" \/>\n<meta name=\"robots\" content=\"index, follow, max-snippet:-1, max-image-preview:large, max-video-preview:-1\" \/>\n<link rel=\"canonical\" href=\"https:\/\/mobilrepair.dk\/da\/repairs\/computers\/\" \/>\n<meta property=\"og:locale\" content=\"da_DK\" \/>\n<meta property=\"og:type\" content=\"article\" \/>\n<meta property=\"og:title\" content=\"Computer reparationer\" \/>\n<meta property=\"og:description\" content=\"Computers - Mobilrepair.dk -\" \/>\n<meta property=\"og:url\" content=\"https:\/\/mobilrepair.dk\/da\/repairs\/computers\/\" \/>\n<meta property=\"og:site_name\" content=\"Mobilrepair.dk\" \/>\n<meta property=\"article:publisher\" content=\"https:\/\/www.facebook.com\/Mobilrepair.dk\/\" \/>\n<meta property=\"article:modified_time\" content=\"2025-04-28T08:07:00+00:00\" \/>\n<meta property=\"og:image\" content=\"https:\/\/mobilrepair.dk\/wp-content\/uploads\/2023\/01\/laptop_low.webp\" \/>\n\t<meta property=\"og:image:width\" content=\"1000\" \/>\n\t<meta property=\"og:image:height\" content=\"643\" \/>\n\t<meta property=\"og:image:type\" content=\"image\/webp\" \/>\n<meta name=\"twitter:card\" content=\"summary_large_image\" \/>\n<meta name=\"twitter:label1\" content=\"Estimeret l\u00e6setid\" \/>\n\t<meta name=\"twitter:data1\" content=\"1 minut\" \/>\n<script type=\"application\/ld+json\" class=\"yoast-schema-graph\">{\"@context\":\"https:\\\/\\\/schema.org\",\"@graph\":[{\"@type\":\"WebPage\",\"@id\":\"https:\\\/\\\/mobilrepair.dk\\\/da\\\/repairs\\\/computers\\\/\",\"url\":\"https:\\\/\\\/mobilrepair.dk\\\/da\\\/repairs\\\/computers\\\/\",\"name\":\"Computer reparationer\",\"isPartOf\":{\"@id\":\"https:\\\/\\\/mobilrepair.dk\\\/da\\\/#website\"},\"primaryImageOfPage\":{\"@id\":\"https:\\\/\\\/mobilrepair.dk\\\/da\\\/repairs\\\/computers\\\/#primaryimage\"},\"image\":{\"@id\":\"https:\\\/\\\/mobilrepair.dk\\\/da\\\/repairs\\\/computers\\\/#primaryimage\"},\"thumbnailUrl\":\"https:\\\/\\\/mobilrepair.dk\\\/wp-content\\\/uploads\\\/2023\\\/01\\\/laptop_low-768x494.webp\",\"datePublished\":\"2023-02-13T16:56:23+00:00\",\"dateModified\":\"2025-04-28T08:07:00+00:00\",\"description\":\"Computers - Mobilrepair.dk -\",\"breadcrumb\":{\"@id\":\"https:\\\/\\\/mobilrepair.dk\\\/da\\\/repairs\\\/computers\\\/#breadcrumb\"},\"inLanguage\":\"da-DK\",\"potentialAction\":[{\"@type\":\"ReadAction\",\"target\":[\"https:\\\/\\\/mobilrepair.dk\\\/da\\\/repairs\\\/computers\\\/\"]}]},{\"@type\":\"ImageObject\",\"inLanguage\":\"da-DK\",\"@id\":\"https:\\\/\\\/mobilrepair.dk\\\/da\\\/repairs\\\/computers\\\/#primaryimage\",\"url\":\"https:\\\/\\\/mobilrepair.dk\\\/wp-content\\\/uploads\\\/2023\\\/01\\\/laptop_low-768x494.webp\",\"contentUrl\":\"https:\\\/\\\/mobilrepair.dk\\\/wp-content\\\/uploads\\\/2023\\\/01\\\/laptop_low-768x494.webp\"},{\"@type\":\"BreadcrumbList\",\"@id\":\"https:\\\/\\\/mobilrepair.dk\\\/da\\\/repairs\\\/computers\\\/#breadcrumb\",\"itemListElement\":[{\"@type\":\"ListItem\",\"position\":1,\"name\":\"Home\",\"item\":\"https:\\\/\\\/mobilrepair.dk\\\/en\\\/\"},{\"@type\":\"ListItem\",\"position\":2,\"name\":\"Repairs\",\"item\":\"https:\\\/\\\/mobilrepair.dk\\\/da\\\/repairs\\\/\"},{\"@type\":\"ListItem\",\"position\":3,\"name\":\"Computers\"}]},{\"@type\":\"WebSite\",\"@id\":\"https:\\\/\\\/mobilrepair.dk\\\/da\\\/#website\",\"url\":\"https:\\\/\\\/mobilrepair.dk\\\/da\\\/\",\"name\":\"Mobilrepair.dk\",\"description\":\"Are you experiencing issues with your device? Then you have come to the right place! Our experienced technicians have the necessary expertise and knowledge to solve any type of problem on your smartphone, laptop, or tablet.\",\"publisher\":{\"@id\":\"https:\\\/\\\/mobilrepair.dk\\\/da\\\/#organization\"},\"alternateName\":\"Mobilrepair ApS\",\"potentialAction\":[{\"@type\":\"SearchAction\",\"target\":{\"@type\":\"EntryPoint\",\"urlTemplate\":\"https:\\\/\\\/mobilrepair.dk\\\/da\\\/?s={search_term_string}\"},\"query-input\":{\"@type\":\"PropertyValueSpecification\",\"valueRequired\":true,\"valueName\":\"search_term_string\"}}],\"inLanguage\":\"da-DK\"},{\"@type\":\"Organization\",\"@id\":\"https:\\\/\\\/mobilrepair.dk\\\/da\\\/#organization\",\"name\":\"Mobilrepair Aps\",\"alternateName\":\"Mobilrepair Helsing\u00f8r\",\"url\":\"https:\\\/\\\/mobilrepair.dk\\\/da\\\/\",\"logo\":{\"@type\":\"ImageObject\",\"inLanguage\":\"da-DK\",\"@id\":\"https:\\\/\\\/mobilrepair.dk\\\/da\\\/#\\\/schema\\\/logo\\\/image\\\/\",\"url\":\"https:\\\/\\\/mobilrepair.dk\\\/wp-content\\\/uploads\\\/2023\\\/01\\\/Mobilrepair-logo-PNG.png\",\"contentUrl\":\"https:\\\/\\\/mobilrepair.dk\\\/wp-content\\\/uploads\\\/2023\\\/01\\\/Mobilrepair-logo-PNG.png\",\"width\":1890,\"height\":260,\"caption\":\"Mobilrepair Aps\"},\"image\":{\"@id\":\"https:\\\/\\\/mobilrepair.dk\\\/da\\\/#\\\/schema\\\/logo\\\/image\\\/\"},\"sameAs\":[\"https:\\\/\\\/www.facebook.com\\\/Mobilrepair.dk\\\/\",\"https:\\\/\\\/www.instagram.com\\\/mobilrepair\\\/\"]}]}<\/script>\n<!-- \/ Yoast SEO plugin. -->","yoast_head_json":{"title":"Computer reparationer","description":"Computers - Mobilrepair.dk -","robots":{"index":"index","follow":"follow","max-snippet":"max-snippet:-1","max-image-preview":"max-image-preview:large","max-video-preview":"max-video-preview:-1"},"canonical":"https:\/\/mobilrepair.dk\/da\/repairs\/computers\/","og_locale":"da_DK","og_type":"article","og_title":"Computer reparationer","og_description":"Computers - Mobilrepair.dk -","og_url":"https:\/\/mobilrepair.dk\/da\/repairs\/computers\/","og_site_name":"Mobilrepair.dk","article_publisher":"https:\/\/www.facebook.com\/Mobilrepair.dk\/","article_modified_time":"2025-04-28T08:07:00+00:00","og_image":[{"width":1000,"height":643,"url":"https:\/\/mobilrepair.dk\/wp-content\/uploads\/2023\/01\/laptop_low.webp","type":"image\/webp"}],"twitter_card":"summary_large_image","twitter_misc":{"Estimeret l\u00e6setid":"1 minut"},"schema":{"@context":"https:\/\/schema.org","@graph":[{"@type":"WebPage","@id":"https:\/\/mobilrepair.dk\/da\/repairs\/computers\/","url":"https:\/\/mobilrepair.dk\/da\/repairs\/computers\/","name":"Computer reparationer","isPartOf":{"@id":"https:\/\/mobilrepair.dk\/da\/#website"},"primaryImageOfPage":{"@id":"https:\/\/mobilrepair.dk\/da\/repairs\/computers\/#primaryimage"},"image":{"@id":"https:\/\/mobilrepair.dk\/da\/repairs\/computers\/#primaryimage"},"thumbnailUrl":"https:\/\/mobilrepair.dk\/wp-content\/uploads\/2023\/01\/laptop_low-768x494.webp","datePublished":"2023-02-13T16:56:23+00:00","dateModified":"2025-04-28T08:07:00+00:00","description":"Computers - Mobilrepair.dk -","breadcrumb":{"@id":"https:\/\/mobilrepair.dk\/da\/repairs\/computers\/#breadcrumb"},"inLanguage":"da-DK","potentialAction":[{"@type":"ReadAction","target":["https:\/\/mobilrepair.dk\/da\/repairs\/computers\/"]}]},{"@type":"ImageObject","inLanguage":"da-DK","@id":"https:\/\/mobilrepair.dk\/da\/repairs\/computers\/#primaryimage","url":"https:\/\/mobilrepair.dk\/wp-content\/uploads\/2023\/01\/laptop_low-768x494.webp","contentUrl":"https:\/\/mobilrepair.dk\/wp-content\/uploads\/2023\/01\/laptop_low-768x494.webp"},{"@type":"BreadcrumbList","@id":"https:\/\/mobilrepair.dk\/da\/repairs\/computers\/#breadcrumb","itemListElement":[{"@type":"ListItem","position":1,"name":"Home","item":"https:\/\/mobilrepair.dk\/en\/"},{"@type":"ListItem","position":2,"name":"Repairs","item":"https:\/\/mobilrepair.dk\/da\/repairs\/"},{"@type":"ListItem","position":3,"name":"Computers"}]},{"@type":"WebSite","@id":"https:\/\/mobilrepair.dk\/da\/#website","url":"https:\/\/mobilrepair.dk\/da\/","name":"Mobilrepair.dk","description":"Are you experiencing issues with your device? Then you have come to the right place! Our experienced technicians have the necessary expertise and knowledge to solve any type of problem on your smartphone, laptop, or tablet.","publisher":{"@id":"https:\/\/mobilrepair.dk\/da\/#organization"},"alternateName":"Mobilrepair ApS","potentialAction":[{"@type":"SearchAction","target":{"@type":"EntryPoint","urlTemplate":"https:\/\/mobilrepair.dk\/da\/?s={search_term_string}"},"query-input":{"@type":"PropertyValueSpecification","valueRequired":true,"valueName":"search_term_string"}}],"inLanguage":"da-DK"},{"@type":"Organization","@id":"https:\/\/mobilrepair.dk\/da\/#organization","name":"Mobilrepair Aps","alternateName":"Mobilrepair Helsing\u00f8r","url":"https:\/\/mobilrepair.dk\/da\/","logo":{"@type":"ImageObject","inLanguage":"da-DK","@id":"https:\/\/mobilrepair.dk\/da\/#\/schema\/logo\/image\/","url":"https:\/\/mobilrepair.dk\/wp-content\/uploads\/2023\/01\/Mobilrepair-logo-PNG.png","contentUrl":"https:\/\/mobilrepair.dk\/wp-content\/uploads\/2023\/01\/Mobilrepair-logo-PNG.png","width":1890,"height":260,"caption":"Mobilrepair Aps"},"image":{"@id":"https:\/\/mobilrepair.dk\/da\/#\/schema\/logo\/image\/"},"sameAs":["https:\/\/www.facebook.com\/Mobilrepair.dk\/","https:\/\/www.instagram.com\/mobilrepair\/"]}]}},"_links":{"self":[{"href":"https:\/\/mobilrepair.dk\/da\/wp-json\/wp\/v2\/pages\/6785","targetHints":{"allow":["GET"]}}],"collection":[{"href":"https:\/\/mobilrepair.dk\/da\/wp-json\/wp\/v2\/pages"}],"about":[{"href":"https:\/\/mobilrepair.dk\/da\/wp-json\/wp\/v2\/types\/page"}],"author":[{"embeddable":true,"href":"https:\/\/mobilrepair.dk\/da\/wp-json\/wp\/v2\/users\/1"}],"replies":[{"embeddable":true,"href":"https:\/\/mobilrepair.dk\/da\/wp-json\/wp\/v2\/comments?post=6785"}],"version-history":[{"count":3,"href":"https:\/\/mobilrepair.dk\/da\/wp-json\/wp\/v2\/pages\/6785\/revisions"}],"predecessor-version":[{"id":10393,"href":"https:\/\/mobilrepair.dk\/da\/wp-json\/wp\/v2\/pages\/6785\/revisions\/10393"}],"wp:attachment":[{"href":"https:\/\/mobilrepair.dk\/da\/wp-json\/wp\/v2\/media?parent=6785"}],"curies":[{"name":"wp","href":"https:\/\/api.w.org\/{rel}","templated":true}]}}