{"id":3,"date":"2023-01-02T19:39:23","date_gmt":"2023-01-02T18:39:23","guid":{"rendered":"https:\/\/mobilrepair.dk\/?page_id=3"},"modified":"2023-08-29T10:29:53","modified_gmt":"2023-08-29T08:29:53","slug":"privacy-policy","status":"publish","type":"page","link":"https:\/\/mobilrepair.dk\/da\/privacy-policy\/","title":{"rendered":"Privatlivspolitik"},"content":{"rendered":"<div data-elementor-type=\"wp-page\" data-elementor-id=\"3\" class=\"elementor elementor-3\" data-elementor-post-type=\"page\">\n\t\t\t\t<div class=\"elementor-element elementor-element-f24b719 e-flex e-con-boxed e-con e-parent\" data-id=\"f24b719\" data-element_type=\"container\" data-e-type=\"container\">\n\t\t\t\t\t<div class=\"e-con-inner\">\n\t\t<article class=\"elementor-element elementor-element-b1c2d05 e-con-full e-flex e-con e-child\" data-id=\"b1c2d05\" data-element_type=\"container\" data-e-type=\"container\">\n\t\t\t\t<div class=\"elementor-element elementor-element-bc2af3f elementor-widget elementor-widget-text-editor\" data-id=\"bc2af3f\" data-element_type=\"widget\" data-e-type=\"widget\" data-widget_type=\"text-editor.default\">\n\t\t\t\t<div class=\"elementor-widget-container\">\n\t\t\t\t\t\t\t\t\t<p><\/p>\n<p><strong>Vores hjemmesideadresse er:<\/strong> https:\/\/mobilrepair.dk.<\/p>\n<p><\/p>\n<p><strong>Sidst opdateret:<\/strong> 7. Februar 2023<\/p>\n<p>Mobilrepair (\"os\", \"vi\" eller \"vores\") driver webstedet Mobilrepair.dk (\"Tjenesten\").<br \/><span style=\"background-color: var( --e-global-color-6c3e59b ); color: var( --e-global-color-text ); font-family: var( --e-global-typography-text-font-family ), Sans-serif; font-size: var( --e-global-typography-text-font-size ); font-style: var( --e-global-typography-text-font-style ); font-weight: var( --e-global-typography-text-font-weight ); letter-spacing: var( --e-global-typography-text-letter-spacing ); text-transform: var( --e-global-typography-text-text-transform );\">Denne side informerer dig om vores politikker vedr\u00f8rende indsamling, brug og videregivelse af personlige data, n\u00e5r du bruger vores Tjeneste, og de valg, du har knyttet til disse data.<\/span><\/p>\n<p><span style=\"background-color: var( --e-global-color-6c3e59b ); color: var( --e-global-color-text ); font-family: var( --e-global-typography-text-font-family ), Sans-serif; font-size: var( --e-global-typography-text-font-size ); font-style: var( --e-global-typography-text-font-style ); font-weight: var( --e-global-typography-text-font-weight ); letter-spacing: var( --e-global-typography-text-letter-spacing ); text-transform: var( --e-global-typography-text-text-transform );\">Vi bruger dine data til at levere og forbedre tjenesten. Ved at bruge tjenesten accepterer du indsamlingen og brugen af \u200b\u200binformation i overensstemmelse med denne politik. Medmindre andet er defineret i denne privatlivspolitik, har udtrykkene, der anvendes i denne privatlivspolitik, samme betydning som i vores vilk\u00e5r og betingelser.<\/span><\/p>\n<h4 class=\"wp-block-heading\">Indsamling og brug af oplysninger<\/h4>\n<p>Vi indsamler flere forskellige typer oplysninger til forskellige form\u00e5l for at levere og forbedre vores service til dig.<\/p>\n<h4>Typer af indsamlede data:<\/h4>\n<h4>Personlig Data<\/h4>\n<p>Mens du bruger vores tjeneste, kan vi bede dig om at give os visse personligt identificerbare oplysninger, der kan bruges til at kontakte eller identificere dig (\"personlige data\"). Personligt identificerbare oplysninger kan omfatte, men er ikke begr\u00e6nset til:<\/p>\n<ul>\n<li>Email adresse<\/li>\n<li>Fornavn og efternavn<\/li>\n<li>Telefonnummer<\/li>\n<li>Adresse, postnummer og by<\/li>\n<li>Cookies og brugsdata<\/li>\n<\/ul>\n<h4>Brugsdata<\/h4>\n<p>Vi kan ogs\u00e5 indsamle oplysninger om, hvordan tjenesten bliver tilg\u00e5et og brugt (\"brugsdata\"). Disse brugsdata kan omfatte oplysninger s\u00e5som din computers internetprotokoladresse (f.eks. IP-adresse), browsertype, browserversion, de sider p\u00e5 vores tjeneste, som du bes\u00f8ger, tidspunktet og datoen for dit bes\u00f8g, den tid, du bruger p\u00e5 disse sider, unikke enhedsidentifikatorer og andre diagnostiske data.<\/p>\n<h4>Ret til adgang:<\/h4>\n<p>&#8220;Mobilrepair.dk recognizes and respects the right of individuals to access their personal data. As a user, you have the right to request a copy of the personal data we hold about you. This allows you to check that we are lawfully processing it and to receive an electronic copy of the personal data stored. To exercise this right, users are encouraged to contact our designated data protection or privacy team. We commit to responding to such requests in a timely manner, consistent with legal requirements, and providing the necessary information without undue delay.&#8221;<\/p>\n<h4>Minimering af data:<\/h4>\n<p>&#8220;In accordance with the principle of data minimization, Mobilrepair.dk commits to collecting only the personal data that is strictly necessary for the provision and enhancement of our services. We strive to ensure that the data we collect is relevant, adequate, and limited to what is required in relation to the purposes for which it is processed. Users are encouraged to provide only the information that is needed for them to access and utilize our services.&#8221;<\/p>\n<h4>Sporings- og cookie-data<\/h4>\n<p>Vi bruger cookies og lignende sporingsteknologier til at spore aktiviteten p\u00e5 vores tjeneste og opbevare visse oplysninger.<\/p>\n<p>Cookies er filer med sm\u00e5 m\u00e6ngder data, som kan omfatte en anonym unik identifikator. Cookies sendes til din browser fra en hjemmeside og gemmes p\u00e5 din enhed. Derudover bruges sporings-teknologier som f.eks. beacons, tags og scripts til at indsamle og spore information og til at forbedre og analysere vores tjeneste.<\/p>\n<p>Du kan instruere din browser til at afvise alle cookies eller til at angive, n\u00e5r en cookie sendes. Men hvis du ikke accepterer cookies, kan du muligvis ikke bruge visse dele af vores tjeneste.<\/p>\n<p><b>Eksempler p\u00e5 cookies, vi bruger:<\/b><\/p>\n<ul>\n<li>Session cookies. Vi bruger session cookies til at drive vores tjeneste.<\/li>\n<li>Pr\u00e6ference-cookies. Vi bruger pr\u00e6ference-cookies til at huske dine pr\u00e6ferencer og forskellige indstillinger.<\/li>\n<li>Sikkerheds-cookies. Vi bruger sikkerheds-cookies af sikkerhedsm\u00e6ssige \u00e5rsager.<\/li>\n<\/ul>\n<h4>Brug af Data:<\/h4>\n<p><b>Mobilrepair bruger de indsamlede data til forskellige form\u00e5l:<\/b><\/p>\n<ul>\n<li>At levere og vedligeholde tjenesten<\/li>\n<li>At underrette dig om \u00e6ndringer i vores tjeneste<\/li>\n<li>At tillade dig at deltage i interaktive funktioner p\u00e5 vores tjeneste, n\u00e5r du v\u00e6lger at g\u00f8re det<\/li>\n<li>At yde kundeservice og support<\/li>\n<li>At give analyse eller v\u00e6rdifuld information, s\u00e5 vi kan forbedre tjenesten<\/li>\n<li>At overv\u00e5ge brugen af tjenesten<\/li>\n<li>At opdage, forhindre og l\u00f8se tekniske problemer.<\/li>\n<\/ul>\n<h4>Dataoverf\u00f8rsel:<\/h4>\n<p>Dine oplysninger, herunder personlige data, kan blive overf\u00f8rt til - og vedligeholdt p\u00e5 - computere uden for din stat, provins, land eller anden statslig jurisdiktion, hvor databeskyttelseslovgivningen kan afvige fra dem i din jurisdiktion.<\/p>\n<p>Hvis du befinder dig uden for Danmark og v\u00e6lger at give os oplysninger, skal du v\u00e6re opm\u00e6rksom p\u00e5, at vi overf\u00f8rer data, herunder personlige data, til Danmark og behandler det der.<\/p>\n<p>Dit samtykke til denne privatlivspolitik efterfulgt af din indsendelse af s\u00e5danne oplysninger repr\u00e6senterer din aftale om den overf\u00f8rsel.<\/p>\n<p>Mobilrepair vil tage alle rimeligt n\u00f8dvendige skridt for at sikre, at dine data behandles sikkert og i overensstemmelse med denne privatlivspolitik, og ingen overf\u00f8rsel af dine personlige data vil finde sted til en organisation eller et land, medmindre der er tilstr\u00e6kkelige kontroller p\u00e5 plads, herunder sikkerheden af dine data og andre personlige oplysninger.<\/p>\n<h4>Offentligg\u00f8relse af data:<\/h4>\n<h4>Lovkrav:<\/h4>\n<p><b>Mobilrepair kan offentligg\u00f8re dine personlige data i den tro, at en s\u00e5dan handling er n\u00f8dvendig for at:<\/b><\/p>\n<ul>\n<li>At overholde en retlig forpligtelse<\/li>\n<li>At beskytte og forsvare rettighederne eller ejendommen til Mobilrepair<\/li>\n<li>At forebygge eller unders\u00f8ge mulige lovovertr\u00e6delser i forbindelse med tjenesten<\/li>\n<li>At beskytte personlig sikkerhed for brugere af tjenesten eller offentligheden<\/li>\n<li>At beskytte mod juridisk ansvar.<\/li>\n<\/ul>\n<h4>Sikkerheden af data<\/h4>\n<p>Sikkerheden af dine data er vigtig for os, men husk, at ingen transmission via internettet eller elektronisk opbevaring er 100% sikker. Mens vi str\u00e6ber efter at anvende kommercielt acceptable midler til at beskytte dine personlige data, kan vi ikke garantere dens absolutte sikkerhed.<\/p>\n<h4>Serviceudbydere<\/h4>\n<p>Vi kan ans\u00e6tte tredjepartsfirmaer og enkeltpersoner til at lette vores service (\"Serviceudbydere\"), til at yde servicen p\u00e5 vores vegne, udf\u00f8re relaterede services eller hj\u00e6lpe os med at analysere, hvordan vores service anvendes.<\/p>\n<p>Disse tredjeparter har kun adgang til dine personlige data for at udf\u00f8re disse opgaver p\u00e5 vores vegne og er forpligtet til ikke at videregive eller bruge det til andre form\u00e5l.<\/p>\n<h4>Links til andre sider<\/h4>\n<p>Vores service kan indeholde links til andre websteder, der ikke drives af os. Hvis du klikker p\u00e5 et tredjepartslink, vil du blive dirigeret til den p\u00e5g\u00e6ldende tredjeparts websted. Vi anbefaler kraftigt, at du gennemg\u00e5r privatlivspolitikken for hver side, du bes\u00f8ger.<\/p>\n<p>Vi har ingen kontrol over og p\u00e5tager os intet ansvar for indholdet, privatlivspolitikker eller praksis fra tredjepartssider eller -tjenester.<\/p>\n<h4>Children&#8217;s Privacy:<\/h4>\n<h4>Our Service does not address anyone under the age of 18 (&#8220;Children&#8221;).<\/h4>\n<p>Vi indsamler ikke bevidst personligt identificerbare oplysninger fra personer under 18 \u00e5r. Hvis du er for\u00e6lder eller v\u00e6rge, og du er opm\u00e6rksom p\u00e5, at dit barn har givet os personlige oplysninger, bedes du kontakte os. Hvis vi bliver opm\u00e6rksomme p\u00e5, at vi har indsamlet personlige oplysninger fra b\u00f8rn uden verifikation af for\u00e6ldresamtykke, tr\u00e6ffer vi skridt for at fjerne disse oplysninger fra vores servere.<\/p>\n<h4>\u00c6ndringer af denne privatlivspolitik<\/h4>\n<p>Vi kan opdatere vores privatlivspolitik fra tid til anden. Vi vil informere dig om eventuelle \u00e6ndringer ved at offentligg\u00f8re den nye privatlivspolitik p\u00e5 denne side.<\/p>\n<p>We will let you know via email and\/or a prominent notice on our Service, prior to the change becoming effective and update the &#8220;effective date&#8221; at the top of this Privacy Policy.<\/p>\n<p>Det anbefales, at du j\u00e6vnligt gennemg\u00e5r denne privatlivspolitik for eventuelle \u00e6ndringer. \u00c6ndringer i denne privatlivspolitik tr\u00e6der i kraft, n\u00e5r de offentligg\u00f8res p\u00e5 denne side.<\/p>\n<h4>Kontakt os<\/h4>\n<p>Hvis du har sp\u00f8rgsm\u00e5l om denne privatlivspolitik, bedes du kontakte os:<\/p>\n<ul>\n<li>Kontaktformularen, placeret <a href=\"https:\/\/mobilrepair.dk\/contact-us\/\" target=\"_blank\" rel=\"nofollow noopener\">her.<\/a><\/li>\n<li>Ring til os <a href=\"tel:+4560955191\">+45 60 95 51 91<\/a><\/li>\n<\/ul>\n<p>Denne privatlivspolitik er underlagt dansk lov og Den Generelle Forordning om Databeskyttelse (GDPR).<\/p>\n<p><\/p>\t\t\t\t\t\t\t\t<\/div>\n\t\t\t\t<\/div>\n\t\t\t\t<\/article>\n\t\t\t\t\t<\/div>\n\t\t\t\t<\/div>\n\t\t\t\t<\/div>","protected":false},"excerpt":{"rendered":"<p>Our website address is: https:\/\/mobilrepair.dk. Last updated: 7. February 2023 Mobilrepair (&#8220;us&#8221;, &#8220;we&#8221;, or &#8220;our&#8221;) operates the Mobilrepair.dk website (the &#8220;Service&#8221;).This page informs you of our policies regarding the collection, use, and disclosure of personal data when you use our Service and the choices you have associated with that data. We use your data to [&hellip;]<\/p>\n","protected":false},"author":1,"featured_media":0,"parent":0,"menu_order":0,"comment_status":"closed","ping_status":"closed","template":"elementor_header_footer","meta":{"_acf_changed":false,"footnotes":""},"class_list":["post-3","page","type-page","status-publish","hentry"],"acf":[],"yoast_head":"<!-- This site is optimized with the Yoast SEO plugin v27.4 - https:\/\/yoast.com\/product\/yoast-seo-wordpress\/ -->\n<title>Privat politik<\/title>\n<meta name=\"description\" content=\"Privacy Policy - Mobilrepair.dk -\" \/>\n<meta name=\"robots\" content=\"index, follow, max-snippet:-1, max-image-preview:large, max-video-preview:-1\" \/>\n<link rel=\"canonical\" href=\"https:\/\/mobilrepair.dk\/da\/privacy-policy\/\" \/>\n<meta property=\"og:locale\" content=\"da_DK\" \/>\n<meta property=\"og:type\" content=\"article\" \/>\n<meta property=\"og:title\" content=\"Privat politik\" \/>\n<meta property=\"og:description\" content=\"Privacy Policy - Mobilrepair.dk -\" \/>\n<meta property=\"og:url\" content=\"https:\/\/mobilrepair.dk\/da\/privacy-policy\/\" \/>\n<meta property=\"og:site_name\" content=\"Mobilrepair.dk\" \/>\n<meta property=\"article:publisher\" content=\"https:\/\/www.facebook.com\/Mobilrepair.dk\/\" \/>\n<meta property=\"article:modified_time\" content=\"2023-08-29T08:29:53+00:00\" \/>\n<meta name=\"twitter:card\" content=\"summary_large_image\" \/>\n<meta name=\"twitter:label1\" content=\"Estimeret l\u00e6setid\" \/>\n\t<meta name=\"twitter:data1\" content=\"6 minutter\" \/>\n<script type=\"application\/ld+json\" class=\"yoast-schema-graph\">{\"@context\":\"https:\\\/\\\/schema.org\",\"@graph\":[{\"@type\":\"WebPage\",\"@id\":\"https:\\\/\\\/mobilrepair.dk\\\/da\\\/privacy-policy\\\/\",\"url\":\"https:\\\/\\\/mobilrepair.dk\\\/da\\\/privacy-policy\\\/\",\"name\":\"Privat politik\",\"isPartOf\":{\"@id\":\"https:\\\/\\\/mobilrepair.dk\\\/da\\\/#website\"},\"datePublished\":\"2023-01-02T18:39:23+00:00\",\"dateModified\":\"2023-08-29T08:29:53+00:00\",\"description\":\"Privacy Policy - Mobilrepair.dk -\",\"breadcrumb\":{\"@id\":\"https:\\\/\\\/mobilrepair.dk\\\/da\\\/privacy-policy\\\/#breadcrumb\"},\"inLanguage\":\"da-DK\",\"potentialAction\":[{\"@type\":\"ReadAction\",\"target\":[\"https:\\\/\\\/mobilrepair.dk\\\/da\\\/privacy-policy\\\/\"]}]},{\"@type\":\"BreadcrumbList\",\"@id\":\"https:\\\/\\\/mobilrepair.dk\\\/da\\\/privacy-policy\\\/#breadcrumb\",\"itemListElement\":[{\"@type\":\"ListItem\",\"position\":1,\"name\":\"Home\",\"item\":\"https:\\\/\\\/mobilrepair.dk\\\/en\\\/\"},{\"@type\":\"ListItem\",\"position\":2,\"name\":\"Privacy Policy\"}]},{\"@type\":\"WebSite\",\"@id\":\"https:\\\/\\\/mobilrepair.dk\\\/da\\\/#website\",\"url\":\"https:\\\/\\\/mobilrepair.dk\\\/da\\\/\",\"name\":\"Mobilrepair.dk\",\"description\":\"Are you experiencing issues with your device? Then you have come to the right place! Our experienced technicians have the necessary expertise and knowledge to solve any type of problem on your smartphone, laptop, or tablet.\",\"publisher\":{\"@id\":\"https:\\\/\\\/mobilrepair.dk\\\/da\\\/#organization\"},\"alternateName\":\"Mobilrepair ApS\",\"potentialAction\":[{\"@type\":\"SearchAction\",\"target\":{\"@type\":\"EntryPoint\",\"urlTemplate\":\"https:\\\/\\\/mobilrepair.dk\\\/da\\\/?s={search_term_string}\"},\"query-input\":{\"@type\":\"PropertyValueSpecification\",\"valueRequired\":true,\"valueName\":\"search_term_string\"}}],\"inLanguage\":\"da-DK\"},{\"@type\":\"Organization\",\"@id\":\"https:\\\/\\\/mobilrepair.dk\\\/da\\\/#organization\",\"name\":\"Mobilrepair Aps\",\"alternateName\":\"Mobilrepair Helsing\u00f8r\",\"url\":\"https:\\\/\\\/mobilrepair.dk\\\/da\\\/\",\"logo\":{\"@type\":\"ImageObject\",\"inLanguage\":\"da-DK\",\"@id\":\"https:\\\/\\\/mobilrepair.dk\\\/da\\\/#\\\/schema\\\/logo\\\/image\\\/\",\"url\":\"https:\\\/\\\/mobilrepair.dk\\\/wp-content\\\/uploads\\\/2023\\\/01\\\/Mobilrepair-logo-PNG.png\",\"contentUrl\":\"https:\\\/\\\/mobilrepair.dk\\\/wp-content\\\/uploads\\\/2023\\\/01\\\/Mobilrepair-logo-PNG.png\",\"width\":1890,\"height\":260,\"caption\":\"Mobilrepair Aps\"},\"image\":{\"@id\":\"https:\\\/\\\/mobilrepair.dk\\\/da\\\/#\\\/schema\\\/logo\\\/image\\\/\"},\"sameAs\":[\"https:\\\/\\\/www.facebook.com\\\/Mobilrepair.dk\\\/\",\"https:\\\/\\\/www.instagram.com\\\/mobilrepair\\\/\"]}]}<\/script>\n<!-- \/ Yoast SEO plugin. -->","yoast_head_json":{"title":"Privat politik","description":"Privacy Policy - Mobilrepair.dk -","robots":{"index":"index","follow":"follow","max-snippet":"max-snippet:-1","max-image-preview":"max-image-preview:large","max-video-preview":"max-video-preview:-1"},"canonical":"https:\/\/mobilrepair.dk\/da\/privacy-policy\/","og_locale":"da_DK","og_type":"article","og_title":"Privat politik","og_description":"Privacy Policy - Mobilrepair.dk -","og_url":"https:\/\/mobilrepair.dk\/da\/privacy-policy\/","og_site_name":"Mobilrepair.dk","article_publisher":"https:\/\/www.facebook.com\/Mobilrepair.dk\/","article_modified_time":"2023-08-29T08:29:53+00:00","twitter_card":"summary_large_image","twitter_misc":{"Estimeret l\u00e6setid":"6 minutter"},"schema":{"@context":"https:\/\/schema.org","@graph":[{"@type":"WebPage","@id":"https:\/\/mobilrepair.dk\/da\/privacy-policy\/","url":"https:\/\/mobilrepair.dk\/da\/privacy-policy\/","name":"Privat politik","isPartOf":{"@id":"https:\/\/mobilrepair.dk\/da\/#website"},"datePublished":"2023-01-02T18:39:23+00:00","dateModified":"2023-08-29T08:29:53+00:00","description":"Privacy Policy - Mobilrepair.dk -","breadcrumb":{"@id":"https:\/\/mobilrepair.dk\/da\/privacy-policy\/#breadcrumb"},"inLanguage":"da-DK","potentialAction":[{"@type":"ReadAction","target":["https:\/\/mobilrepair.dk\/da\/privacy-policy\/"]}]},{"@type":"BreadcrumbList","@id":"https:\/\/mobilrepair.dk\/da\/privacy-policy\/#breadcrumb","itemListElement":[{"@type":"ListItem","position":1,"name":"Home","item":"https:\/\/mobilrepair.dk\/en\/"},{"@type":"ListItem","position":2,"name":"Privacy Policy"}]},{"@type":"WebSite","@id":"https:\/\/mobilrepair.dk\/da\/#website","url":"https:\/\/mobilrepair.dk\/da\/","name":"Mobilrepair.dk","description":"Are you experiencing issues with your device? Then you have come to the right place! Our experienced technicians have the necessary expertise and knowledge to solve any type of problem on your smartphone, laptop, or tablet.","publisher":{"@id":"https:\/\/mobilrepair.dk\/da\/#organization"},"alternateName":"Mobilrepair ApS","potentialAction":[{"@type":"SearchAction","target":{"@type":"EntryPoint","urlTemplate":"https:\/\/mobilrepair.dk\/da\/?s={search_term_string}"},"query-input":{"@type":"PropertyValueSpecification","valueRequired":true,"valueName":"search_term_string"}}],"inLanguage":"da-DK"},{"@type":"Organization","@id":"https:\/\/mobilrepair.dk\/da\/#organization","name":"Mobilrepair Aps","alternateName":"Mobilrepair Helsing\u00f8r","url":"https:\/\/mobilrepair.dk\/da\/","logo":{"@type":"ImageObject","inLanguage":"da-DK","@id":"https:\/\/mobilrepair.dk\/da\/#\/schema\/logo\/image\/","url":"https:\/\/mobilrepair.dk\/wp-content\/uploads\/2023\/01\/Mobilrepair-logo-PNG.png","contentUrl":"https:\/\/mobilrepair.dk\/wp-content\/uploads\/2023\/01\/Mobilrepair-logo-PNG.png","width":1890,"height":260,"caption":"Mobilrepair Aps"},"image":{"@id":"https:\/\/mobilrepair.dk\/da\/#\/schema\/logo\/image\/"},"sameAs":["https:\/\/www.facebook.com\/Mobilrepair.dk\/","https:\/\/www.instagram.com\/mobilrepair\/"]}]}},"_links":{"self":[{"href":"https:\/\/mobilrepair.dk\/da\/wp-json\/wp\/v2\/pages\/3","targetHints":{"allow":["GET"]}}],"collection":[{"href":"https:\/\/mobilrepair.dk\/da\/wp-json\/wp\/v2\/pages"}],"about":[{"href":"https:\/\/mobilrepair.dk\/da\/wp-json\/wp\/v2\/types\/page"}],"author":[{"embeddable":true,"href":"https:\/\/mobilrepair.dk\/da\/wp-json\/wp\/v2\/users\/1"}],"replies":[{"embeddable":true,"href":"https:\/\/mobilrepair.dk\/da\/wp-json\/wp\/v2\/comments?post=3"}],"version-history":[{"count":0,"href":"https:\/\/mobilrepair.dk\/da\/wp-json\/wp\/v2\/pages\/3\/revisions"}],"wp:attachment":[{"href":"https:\/\/mobilrepair.dk\/da\/wp-json\/wp\/v2\/media?parent=3"}],"curies":[{"name":"wp","href":"https:\/\/api.w.org\/{rel}","templated":true}]}}