{"id":178,"date":"2023-01-03T13:22:25","date_gmt":"2023-01-03T13:22:25","guid":{"rendered":"https:\/\/mobilrepair.dk\/terms-of-use\/"},"modified":"2024-09-18T10:34:40","modified_gmt":"2024-09-18T08:34:40","slug":"terms-of-use","status":"publish","type":"page","link":"https:\/\/mobilrepair.dk\/da\/terms-of-use\/","title":{"rendered":"Vilk\u00e5r for brug"},"content":{"rendered":"<div data-elementor-type=\"wp-page\" data-elementor-id=\"178\" class=\"elementor elementor-178\" data-elementor-post-type=\"page\">\n\t\t\t\t<div class=\"elementor-element elementor-element-910647e e-flex e-con-boxed e-con e-parent\" data-id=\"910647e\" data-element_type=\"container\" data-e-type=\"container\">\n\t\t\t\t\t<div class=\"e-con-inner\">\n\t\t<div class=\"elementor-element elementor-element-889bd05 e-con-full e-flex e-con e-child\" data-id=\"889bd05\" data-element_type=\"container\" data-e-type=\"container\">\n\t\t\t\t<div class=\"elementor-element elementor-element-b2bb075 elementor-invisible elementor-widget elementor-widget-heading\" data-id=\"b2bb075\" data-element_type=\"widget\" data-e-type=\"widget\" data-settings=\"{&quot;_animation&quot;:&quot;fadeIn&quot;}\" data-widget_type=\"heading.default\">\n\t\t\t\t<div class=\"elementor-widget-container\">\n\t\t\t\t\t<h1 class=\"elementor-heading-title elementor-size-default\">Vilk\u00e5r for brug<\/h1>\t\t\t\t<\/div>\n\t\t\t\t<\/div>\n\t\t\t\t<div class=\"elementor-element elementor-element-f1b4339 elementor-widget elementor-widget-heading\" data-id=\"f1b4339\" data-element_type=\"widget\" data-e-type=\"widget\" data-widget_type=\"heading.default\">\n\t\t\t\t<div class=\"elementor-widget-container\">\n\t\t\t\t\t<h4 class=\"elementor-heading-title elementor-size-default\">General Terms and Conditions for Mobilrepair.dk<\/h4>\t\t\t\t<\/div>\n\t\t\t\t<\/div>\n\t\t\t\t<\/div>\n\t\t\t\t\t<\/div>\n\t\t\t\t<\/div>\n\t\t<div class=\"elementor-element elementor-element-4752280 e-flex e-con-boxed e-con e-parent\" data-id=\"4752280\" data-element_type=\"container\" data-e-type=\"container\">\n\t\t\t\t\t<div class=\"e-con-inner\">\n\t\t<div class=\"elementor-element elementor-element-8abb3e7 e-con-full e-flex e-con e-child\" data-id=\"8abb3e7\" data-element_type=\"container\" data-e-type=\"container\">\n\t\t\t\t<div class=\"elementor-element elementor-element-c5948a1 elementor-widget elementor-widget-text-editor\" data-id=\"c5948a1\" data-element_type=\"widget\" data-e-type=\"widget\" data-widget_type=\"text-editor.default\">\n\t\t\t\t<div class=\"elementor-widget-container\">\n\t\t\t\t\t\t\t\t\t<ol><li><strong>Introduktion<\/strong><ol><li>Disse almindelige betingelser (herefter omtalt som \"Betingelser\") g\u00e6lder for alle tjenester, der leveres af Mobilrepair.dk, en dansk virksomhed registreret hos Erhvervsstyrelsen under CVR-nr. 35826890, til dens kunder.<\/li><li>Ved at benytte tjenesterne fra Mobilrepair.dk accepterer kunden at v\u00e6re bundet af disse betingelser. Hvis kunden ikke accepterer disse betingelser, b\u00f8r kunden ikke benytte tjenesterne fra Mobilrepair.dk.<\/li><li>Mobilrepair.dk kan \u00e6ndre disse betingelser fra tid til anden. Den mest aktuelle version af betingelserne vil v\u00e6re tilg\u00e6ngelig p\u00e5 Mobilrepair.dk's hjemmeside.<\/li><li>Mobilrepair.dk er forpligtet til at beskytte kundernes personlige data i overensstemmelse med Den Generelle Databeskyttelsesforordning (GDPR) for at sikre privatlivets fred og sikkerhed.<\/li><\/ol><\/li><\/ol><ol><li><strong>Services<\/strong><ol><li>Mobilrepair.dk tilbyder reparation og vedligeholdelse af mobile enheder, herunder smartphones og tablets.<\/li><li>Kunden skal give en fuldst\u00e6ndig og pr\u00e6cis beskrivelse af problemet med den mobile enhed samt al relevant information, s\u00e5som m\u00e6rke og model af den mobile enhed.<\/li><li>Mobilrepair.dk vil give et overslag over omkostningerne og tidsrammen for reparation eller vedligeholdelse af den mobile enhed. Kunden skal godkende overslaget, f\u00f8r reparation eller vedligeholdelsesarbejdet kan forts\u00e6tte.<\/li><li>Vi vil g\u00f8re alt for at reparere eller vedligeholde den mobile enhed s\u00e5 hurtigt som muligt. Mobilrepair.dk kan dog ikke garantere en bestemt tidsramme for afslutning af arbejdet.<\/li><\/ol><\/li><\/ol><ol><li><strong>Gebyrer og Betaling<\/strong><ol><li>Kunden skal betale for de tjenester, der leveres af Mobilrepair.dk i overensstemmelse med overslaget fra Mobilrepair.dk.<\/li><li>Betalinger kan foretages med kreditkort eller bankoverf\u00f8rsel. Kunden skal betale det fulde bel\u00f8b for overslaget, f\u00f8r arbejdet kan forts\u00e6tte.<\/li><li>Hvis kunden undlader at betale for de tjenester, der leveres af Mobilrepair.dk, forbeholder Mobilrepair.dk sig retten til at tilbageholde den mobile enhed, indtil betalingen er foretaget fuldt ud.<\/li><\/ol><\/li><\/ol><ol><li><strong>Forpligtelse<\/strong><ol><li>Mobilrepair.dk er ikke ansvarlig for nogen skader eller tab, der opst\u00e5r som f\u00f8lge af reparation eller vedligeholdelse af den mobile enhed, undtagen i tilf\u00e6lde af skader eller tab for\u00e5rsaget af Mobilrepair.dk's grove uagtsomhed eller fors\u00e6tlig misligholdelse.<\/li><li>Mobilrepair.dk kan ikke g\u00f8res ansvarlig for eventuelle skader eller tab, der opst\u00e5r som f\u00f8lge af brugen af mobiltelefonen efter reparationen eller vedligeholdelsen er blevet afsluttet.<\/li><li>Kunden er ansvarlig for eventuelle skader eller tab, som skyldes kundens manglende levering af en fuld og pr\u00e6cis beskrivelse af problemet med den mobile enhed eller kundens manglende efterlevelse af Mobilrepair.dk's instruktioner.<\/li><\/ol><\/li><\/ol><ol><li><strong>Intellektuel Ejendomsret<\/strong><ol><li>Kunden garanterer, at kunden ejer eller har ret til at anvende enhver intellektuel ejendomsret i mobiltelefonen.<\/li><li>Kunden skal friholde og beskytte Mobilrepair.dk mod eventuelle krav, skader eller tab som f\u00f8lge af kr\u00e6nkelse af nogen intellektuel ejendomsret i mobiltelefonen.<\/li><\/ol><\/li><\/ol><ol><li><strong>Fortrolighed og GDPR-overholdelse<\/strong><ol><li>Mobilrepair.dk skal opretholde fortroligheden af \u200b\u200benhver information, som kunden giver i forbindelse med de tjenester, som Mobilrepair.dk yder, herunder personoplysninger.<\/li><li>Mobilrepair.dk vil behandle personoplysninger i overensstemmelse med GDPR og kun indsamle og behandle personoplysninger, der er n\u00f8dvendige for udf\u00f8relsen af \u200b\u200btjenesterne.<\/li><li>Mobilrepair.dk vil indhente kundens samtykke, f\u00f8r der indsamles og behandles nogen personoplysninger.<\/li><li>Kunden har ret til at f\u00e5 adgang til, rettet og slettet deres personoplysninger og kan ud\u00f8ve disse rettigheder ved at kontakte Mobilrepair.dk via vores kontaktformular, som findes under 'Kontakt os'-afsnittet.<\/li><\/ol><\/li><\/ol><ol><li><strong>G\u00e6ldende lov og v\u00e6rneting<\/strong><ol><li>Disse vilk\u00e5r skal styres af og fortolkes i overensstemmelse med dansk lov.<\/li><li>Enhver tvist i forbindelse med disse vilk\u00e5r skal indbringes for de danske domstoles eksklusive jurisdiktion.<\/li><\/ol><\/li><\/ol><ol><li><strong>Adskillelighed<\/strong><ol><li>Hvis en bestemmelse i disse vilk\u00e5r anses for ugyldig eller ikke kan h\u00e5ndh\u00e6ves, forbliver de \u00f8vrige bestemmelser fuldt gyldige og effektive.<\/li><\/ol><\/li><\/ol><ol><li><strong>Kontaktinformation<\/strong><ol><li>Vedr\u00f8rende eventuelle sp\u00f8rgsm\u00e5l eller bekymringer omkring disse Vilk\u00e5r eller GDPR overholdelse, bedes du kontakte Mobilrepair.dk via vores kontaktformular, som findes under 'Kontakt os' sektionen.<\/li><\/ol><\/li><\/ol>\t\t\t\t\t\t\t\t<\/div>\n\t\t\t\t<\/div>\n\t\t\t\t<\/div>\n\t\t\t\t\t<\/div>\n\t\t\t\t<\/div>\n\t\t\t\t<\/div>","protected":false},"excerpt":{"rendered":"<p>Terms of Use General Terms and Conditions for Mobilrepair.dk Introduction These General Terms and Conditions (hereinafter referred to as &#8220;Terms&#8221;) shall apply to all services provided by Mobilrepair.dk, a Danish company registered with the Danish Business Authority under CVR No. 35826890, to its customers. By using the services of Mobilrepair.dk, the customer agrees to be [&hellip;]<\/p>\n","protected":false},"author":1,"featured_media":0,"parent":0,"menu_order":0,"comment_status":"closed","ping_status":"closed","template":"elementor_header_footer","meta":{"_acf_changed":false,"footnotes":""},"class_list":["post-178","page","type-page","status-publish","hentry"],"acf":[],"yoast_head":"<!-- This site is optimized with the Yoast SEO plugin v27.3 - https:\/\/yoast.com\/product\/yoast-seo-wordpress\/ -->\n<title>Terms of use<\/title>\n<meta name=\"description\" content=\"Terms of Use - Mobilrepair.dk -\" \/>\n<meta name=\"robots\" content=\"index, follow, max-snippet:-1, max-image-preview:large, max-video-preview:-1\" \/>\n<link rel=\"canonical\" href=\"https:\/\/mobilrepair.dk\/da\/terms-of-use\/\" \/>\n<meta property=\"og:locale\" content=\"da_DK\" \/>\n<meta property=\"og:type\" content=\"article\" \/>\n<meta property=\"og:title\" content=\"Terms of use\" \/>\n<meta property=\"og:description\" content=\"Terms of Use - Mobilrepair.dk -\" \/>\n<meta property=\"og:url\" content=\"https:\/\/mobilrepair.dk\/da\/terms-of-use\/\" \/>\n<meta property=\"og:site_name\" content=\"Mobilrepair.dk\" \/>\n<meta property=\"article:publisher\" content=\"https:\/\/www.facebook.com\/Mobilrepair.dk\/\" \/>\n<meta property=\"article:modified_time\" content=\"2024-09-18T08:34:40+00:00\" \/>\n<meta name=\"twitter:card\" content=\"summary_large_image\" \/>\n<meta name=\"twitter:label1\" content=\"Estimeret l\u00e6setid\" \/>\n\t<meta name=\"twitter:data1\" content=\"3 minutter\" \/>\n<script type=\"application\/ld+json\" class=\"yoast-schema-graph\">{\"@context\":\"https:\\\/\\\/schema.org\",\"@graph\":[{\"@type\":\"WebPage\",\"@id\":\"https:\\\/\\\/mobilrepair.dk\\\/da\\\/terms-of-use\\\/\",\"url\":\"https:\\\/\\\/mobilrepair.dk\\\/da\\\/terms-of-use\\\/\",\"name\":\"Terms of use\",\"isPartOf\":{\"@id\":\"https:\\\/\\\/mobilrepair.dk\\\/da\\\/#website\"},\"datePublished\":\"2023-01-03T13:22:25+00:00\",\"dateModified\":\"2024-09-18T08:34:40+00:00\",\"description\":\"Terms of Use - Mobilrepair.dk -\",\"breadcrumb\":{\"@id\":\"https:\\\/\\\/mobilrepair.dk\\\/da\\\/terms-of-use\\\/#breadcrumb\"},\"inLanguage\":\"da-DK\",\"potentialAction\":[{\"@type\":\"ReadAction\",\"target\":[\"https:\\\/\\\/mobilrepair.dk\\\/da\\\/terms-of-use\\\/\"]}]},{\"@type\":\"BreadcrumbList\",\"@id\":\"https:\\\/\\\/mobilrepair.dk\\\/da\\\/terms-of-use\\\/#breadcrumb\",\"itemListElement\":[{\"@type\":\"ListItem\",\"position\":1,\"name\":\"Home\",\"item\":\"https:\\\/\\\/mobilrepair.dk\\\/en\\\/\"},{\"@type\":\"ListItem\",\"position\":2,\"name\":\"Terms of Use\"}]},{\"@type\":\"WebSite\",\"@id\":\"https:\\\/\\\/mobilrepair.dk\\\/da\\\/#website\",\"url\":\"https:\\\/\\\/mobilrepair.dk\\\/da\\\/\",\"name\":\"Mobilrepair.dk\",\"description\":\"Are you experiencing issues with your device? Then you have come to the right place! Our experienced technicians have the necessary expertise and knowledge to solve any type of problem on your smartphone, laptop, or tablet.\",\"publisher\":{\"@id\":\"https:\\\/\\\/mobilrepair.dk\\\/da\\\/#organization\"},\"alternateName\":\"Mobilrepair ApS\",\"potentialAction\":[{\"@type\":\"SearchAction\",\"target\":{\"@type\":\"EntryPoint\",\"urlTemplate\":\"https:\\\/\\\/mobilrepair.dk\\\/da\\\/?s={search_term_string}\"},\"query-input\":{\"@type\":\"PropertyValueSpecification\",\"valueRequired\":true,\"valueName\":\"search_term_string\"}}],\"inLanguage\":\"da-DK\"},{\"@type\":\"Organization\",\"@id\":\"https:\\\/\\\/mobilrepair.dk\\\/da\\\/#organization\",\"name\":\"Mobilrepair Aps\",\"alternateName\":\"Mobilrepair Helsing\u00f8r\",\"url\":\"https:\\\/\\\/mobilrepair.dk\\\/da\\\/\",\"logo\":{\"@type\":\"ImageObject\",\"inLanguage\":\"da-DK\",\"@id\":\"https:\\\/\\\/mobilrepair.dk\\\/da\\\/#\\\/schema\\\/logo\\\/image\\\/\",\"url\":\"https:\\\/\\\/mobilrepair.dk\\\/wp-content\\\/uploads\\\/2023\\\/01\\\/Mobilrepair-logo-PNG.png\",\"contentUrl\":\"https:\\\/\\\/mobilrepair.dk\\\/wp-content\\\/uploads\\\/2023\\\/01\\\/Mobilrepair-logo-PNG.png\",\"width\":1890,\"height\":260,\"caption\":\"Mobilrepair Aps\"},\"image\":{\"@id\":\"https:\\\/\\\/mobilrepair.dk\\\/da\\\/#\\\/schema\\\/logo\\\/image\\\/\"},\"sameAs\":[\"https:\\\/\\\/www.facebook.com\\\/Mobilrepair.dk\\\/\",\"https:\\\/\\\/www.instagram.com\\\/mobilrepair\\\/\"]}]}<\/script>\n<!-- \/ Yoast SEO plugin. -->","yoast_head_json":{"title":"Terms of use","description":"Terms of Use - Mobilrepair.dk -","robots":{"index":"index","follow":"follow","max-snippet":"max-snippet:-1","max-image-preview":"max-image-preview:large","max-video-preview":"max-video-preview:-1"},"canonical":"https:\/\/mobilrepair.dk\/da\/terms-of-use\/","og_locale":"da_DK","og_type":"article","og_title":"Terms of use","og_description":"Terms of Use - Mobilrepair.dk -","og_url":"https:\/\/mobilrepair.dk\/da\/terms-of-use\/","og_site_name":"Mobilrepair.dk","article_publisher":"https:\/\/www.facebook.com\/Mobilrepair.dk\/","article_modified_time":"2024-09-18T08:34:40+00:00","twitter_card":"summary_large_image","twitter_misc":{"Estimeret l\u00e6setid":"3 minutter"},"schema":{"@context":"https:\/\/schema.org","@graph":[{"@type":"WebPage","@id":"https:\/\/mobilrepair.dk\/da\/terms-of-use\/","url":"https:\/\/mobilrepair.dk\/da\/terms-of-use\/","name":"Terms of use","isPartOf":{"@id":"https:\/\/mobilrepair.dk\/da\/#website"},"datePublished":"2023-01-03T13:22:25+00:00","dateModified":"2024-09-18T08:34:40+00:00","description":"Terms of Use - Mobilrepair.dk -","breadcrumb":{"@id":"https:\/\/mobilrepair.dk\/da\/terms-of-use\/#breadcrumb"},"inLanguage":"da-DK","potentialAction":[{"@type":"ReadAction","target":["https:\/\/mobilrepair.dk\/da\/terms-of-use\/"]}]},{"@type":"BreadcrumbList","@id":"https:\/\/mobilrepair.dk\/da\/terms-of-use\/#breadcrumb","itemListElement":[{"@type":"ListItem","position":1,"name":"Home","item":"https:\/\/mobilrepair.dk\/en\/"},{"@type":"ListItem","position":2,"name":"Terms of Use"}]},{"@type":"WebSite","@id":"https:\/\/mobilrepair.dk\/da\/#website","url":"https:\/\/mobilrepair.dk\/da\/","name":"Mobilrepair.dk","description":"Are you experiencing issues with your device? Then you have come to the right place! Our experienced technicians have the necessary expertise and knowledge to solve any type of problem on your smartphone, laptop, or tablet.","publisher":{"@id":"https:\/\/mobilrepair.dk\/da\/#organization"},"alternateName":"Mobilrepair ApS","potentialAction":[{"@type":"SearchAction","target":{"@type":"EntryPoint","urlTemplate":"https:\/\/mobilrepair.dk\/da\/?s={search_term_string}"},"query-input":{"@type":"PropertyValueSpecification","valueRequired":true,"valueName":"search_term_string"}}],"inLanguage":"da-DK"},{"@type":"Organization","@id":"https:\/\/mobilrepair.dk\/da\/#organization","name":"Mobilrepair Aps","alternateName":"Mobilrepair Helsing\u00f8r","url":"https:\/\/mobilrepair.dk\/da\/","logo":{"@type":"ImageObject","inLanguage":"da-DK","@id":"https:\/\/mobilrepair.dk\/da\/#\/schema\/logo\/image\/","url":"https:\/\/mobilrepair.dk\/wp-content\/uploads\/2023\/01\/Mobilrepair-logo-PNG.png","contentUrl":"https:\/\/mobilrepair.dk\/wp-content\/uploads\/2023\/01\/Mobilrepair-logo-PNG.png","width":1890,"height":260,"caption":"Mobilrepair Aps"},"image":{"@id":"https:\/\/mobilrepair.dk\/da\/#\/schema\/logo\/image\/"},"sameAs":["https:\/\/www.facebook.com\/Mobilrepair.dk\/","https:\/\/www.instagram.com\/mobilrepair\/"]}]}},"_links":{"self":[{"href":"https:\/\/mobilrepair.dk\/da\/wp-json\/wp\/v2\/pages\/178","targetHints":{"allow":["GET"]}}],"collection":[{"href":"https:\/\/mobilrepair.dk\/da\/wp-json\/wp\/v2\/pages"}],"about":[{"href":"https:\/\/mobilrepair.dk\/da\/wp-json\/wp\/v2\/types\/page"}],"author":[{"embeddable":true,"href":"https:\/\/mobilrepair.dk\/da\/wp-json\/wp\/v2\/users\/1"}],"replies":[{"embeddable":true,"href":"https:\/\/mobilrepair.dk\/da\/wp-json\/wp\/v2\/comments?post=178"}],"version-history":[{"count":1,"href":"https:\/\/mobilrepair.dk\/da\/wp-json\/wp\/v2\/pages\/178\/revisions"}],"predecessor-version":[{"id":10128,"href":"https:\/\/mobilrepair.dk\/da\/wp-json\/wp\/v2\/pages\/178\/revisions\/10128"}],"wp:attachment":[{"href":"https:\/\/mobilrepair.dk\/da\/wp-json\/wp\/v2\/media?parent=178"}],"curies":[{"name":"wp","href":"https:\/\/api.w.org\/{rel}","templated":true}]}}