{"id":10266,"date":"2025-01-20T11:24:30","date_gmt":"2025-01-20T10:24:30","guid":{"rendered":"https:\/\/mobilrepair.dk\/?page_id=10266"},"modified":"2025-01-21T14:03:57","modified_gmt":"2025-01-21T13:03:57","slug":"terms-conditions-deductible","status":"publish","type":"page","link":"https:\/\/mobilrepair.dk\/da\/terms-conditions-deductible\/","title":{"rendered":"Handelsbetingelser for selvrisiko"},"content":{"rendered":"<div data-elementor-type=\"wp-page\" data-elementor-id=\"10266\" class=\"elementor elementor-10266\" data-elementor-post-type=\"page\">\n\t\t\t\t<div class=\"elementor-element elementor-element-e4c294f e-flex e-con-boxed e-con e-parent\" data-id=\"e4c294f\" data-element_type=\"container\" data-e-type=\"container\">\n\t\t\t\t\t<div class=\"e-con-inner\">\n\t\t\t\t<div class=\"elementor-element elementor-element-607c081 elementor-widget elementor-widget-heading\" data-id=\"607c081\" data-element_type=\"widget\" data-e-type=\"widget\" data-widget_type=\"heading.default\">\n\t\t\t\t<div class=\"elementor-widget-container\">\n\t\t\t\t\t<h2 class=\"elementor-heading-title elementor-size-default\">Handelsbetingelser for selvrisiko<\/h2>\t\t\t\t<\/div>\n\t\t\t\t<\/div>\n\t\t\t\t<div class=\"elementor-element elementor-element-03a503a elementor-widget elementor-widget-text-editor\" data-id=\"03a503a\" data-element_type=\"widget\" data-e-type=\"widget\" data-widget_type=\"text-editor.default\">\n\t\t\t\t<div class=\"elementor-widget-container\">\n\t\t\t\t\t\t\t\t\t<ol><li><strong>Generelle oplysninger<\/strong><ul><li><strong>Selskabsnavn<\/strong>\u00a0Mobilrepair ApS<\/li><li><strong>CVR Nummer:<\/strong>\u00a035826890<\/li><li><strong>Address:<\/strong>\u00a0Stengade 7, 3000 Helsing\u00f8r<\/li><li><strong>Telefonnummer<\/strong>\u00a0+45 60 95 51 91<\/li><li><strong>Kontaktformular:<\/strong>\u00a0<a href=\"https:\/\/mobilrepair.dk\/contact-us\/\">Kontakt os<\/a><\/li><\/ul><\/li><li><strong>Rollefordeling ved forsikringssager<br \/><\/strong><ul><li>Mobilrepair ApS udf\u00f8rer reparationer\u00a0<strong>p\u00e5 vegne af forsikringsselskabet<\/strong>.<\/li><li>Kunden betaler eventuel selvrisiko til Mobilrepair ApS efter anvisning fra forsikringsselskabet, men selve aftalen om reparation er indg\u00e5et mellem forsikringsselskabet og Mobilrepair ApS.<\/li><li>Sp\u00f8rgsm\u00e5l vedr\u00f8rende d\u00e6kning, selvrisikoens st\u00f8rrelse eller annullering af forsikringssagen skal rettes direkte til forsikringsselskabet.<\/li><\/ul><\/li><li><strong>Betaling af selvrisiko<\/strong><ul><li><strong>Betalingsmetode:<\/strong>\u00a0Selvrisiko opkr\u00e6ves via PayLink, en sikker betalingsl\u00f8sning fra Nets. Kunden modtager betalingslink pr. e-mail eller SMS.<\/li><li><strong>Betalingsfrist:<\/strong>\u00a0Betaling skal ske inden for 14 dage fra modtagelse af betalingslinket (eller anden frist aftalt med forsikringsselskabet).<\/li><li><strong>Vigtigt:<\/strong>\u00a0Reparationen\u00a0<strong>p\u00e5begyndes ikke<\/strong>\u00a0, f\u00f8r selvrisikoen er betalt.<\/li><li><strong>Valuta:<\/strong>\u00a0Alle bel\u00f8b er i danske kroner (DKK) og inkluderer moms, medmindre andet er angivet.<\/li><\/ul><\/li><li><strong>Levering af ydelser<\/strong><ul><li><strong>Reparationsydelser:<\/strong>\u00a0Mobilrepair ApS p\u00e5begynder f\u00f8rst reparationen, n\u00e5r selvrisikoen er modtaget, og forsikringsselskabet har godkendt skaden.<\/li><li><strong>Leveringstid:<\/strong>\u00a0Reparationens varighed afh\u00e6nger af skadens omfang. Vi bestr\u00e6ber os p\u00e5 at f\u00e6rdigg\u00f8re reparationen inden for 5-10 arbejdsdage, medmindre andet er aftalt med forsikringsselskabet.<\/li><li><strong>Levering af enhed:<\/strong>\u00a0Den reparerede enhed sendes til kunden via GLS, n\u00e5r reparationen er f\u00e6rdig, og selvrisikoen er betalt.<\/li><\/ul><\/li><li><strong>Fortrydelse af forsikringssagen<\/strong><ul><li>Da Mobilrepair ApS udf\u00f8rer reparationer\u00a0<strong>p\u00e5 vegne af forsikringsselskabet<\/strong>, g\u00e6lder almindelige regler om fortrydelsesret for tjenesteydelser\u00a0<strong>ikke<\/strong>\u00a0direkte over for kunden.<\/li><li>Eventuelle sp\u00f8rgsm\u00e5l om fortrydelse, annullering eller \u00e6ndring af forsikringssagen skal rettes til forsikringsselskabet, som er den egentlige aftalepart med kunden.<\/li><li>Er reparationen allerede p\u00e5begyndt eller udf\u00f8rt efter forsikringsselskabets anvisning, er der normalt ingen fortrydelsesret via Mobilrepair ApS.<\/li><\/ul><\/li><li><strong>Garantibetingelser<\/strong><ul><li>Mobilrepair ApS f\u00f8lger garantibetingelserne for forsikringskunder, som kan findes p\u00e5 f\u00f8lgende link:\u00a0<a href=\"https:\/\/mobilrepair.dk\/warranty\/\">Garantibetingelser<\/a>.<\/li><\/ul><\/li><li><strong>Privatlivspolitik<\/strong><ul><li>Mobilrepair ApS behandler personoplysninger i overensstemmelse med vores privatlivspolitik, som kan tilg\u00e5s via f\u00f8lgende link:\u00a0<a href=\"https:\/\/mobilrepair.dk\/privacy-policy\/\">Privatlivspolitik<\/a>.<\/li><li>Oplysningerne anvendes til at administrere betalinger, udf\u00f8re reparationer og kommunikere med kunden.<\/li><li>Personoplysninger opbevares sikkert og deles kun med tredjepart, n\u00e5r det er n\u00f8dvendigt for at opfylde aftalen eller lovkrav.<\/li><\/ul><\/li><li><strong>Transport\u00f8r<\/strong><ul><li>Alle enheder sendes via GLS, og kunden vil modtage et trackingnummer ved afsendelse.<\/li><li>Mobilrepair ApS p\u00e5tager sig ansvaret for forsendelsen, indtil enheden er leveret til kunden.<\/li><\/ul><\/li><li><strong>\u00c6ndringer af handelsbetingelser<\/strong><ul><li>Mobilrepair ApS forbeholder sig retten til at \u00e6ndre disse handelsbetingelser. Den nyeste version vil altid v\u00e6re tilg\u00e6ngelig p\u00e5 vores hjemmeside.<\/li><\/ul><\/li><\/ol><p class=\" translation-block\"><strong>Gyldighed<\/strong> Disse handelsbetingelser er g\u00e6ldende fra <strong>20.01.2025<\/strong>.<\/p>\t\t\t\t\t\t\t\t<\/div>\n\t\t\t\t<\/div>\n\t\t\t\t\t<\/div>\n\t\t\t\t<\/div>\n\t\t\t\t<\/div>","protected":false},"excerpt":{"rendered":"<p>Terms and Conditions for Deductible General Information Company Name:\u00a0Mobilrepair ApS CVR Number:\u00a035826890 Address:\u00a0Stengade 7, 3000 Helsing\u00f8r Phone Number:\u00a0+45 60 95 51 91 Contact Form:\u00a0Contact Us Roles in Insurance Claims Mobilrepair ApS performs repairs\u00a0on behalf of the insurance company. The customer pays any deductible to Mobilrepair ApS as instructed by the insurance company, but the actual [&hellip;]<\/p>\n","protected":false},"author":1,"featured_media":0,"parent":0,"menu_order":2,"comment_status":"closed","ping_status":"closed","template":"elementor_header_footer","meta":{"_acf_changed":false,"footnotes":""},"class_list":["post-10266","page","type-page","status-publish","hentry"],"acf":[],"yoast_head":"<!-- This site is optimized with the Yoast SEO plugin v27.3 - https:\/\/yoast.com\/product\/yoast-seo-wordpress\/ -->\n<title>Terms and Conditions for Deductible - Mobilrepair.dk<\/title>\n<meta name=\"description\" content=\"Terms and Conditions for Deductible - Mobilrepair.dk -\" \/>\n<meta name=\"robots\" content=\"index, follow, max-snippet:-1, max-image-preview:large, max-video-preview:-1\" \/>\n<link rel=\"canonical\" href=\"https:\/\/mobilrepair.dk\/da\/terms-conditions-deductible\/\" \/>\n<meta property=\"og:locale\" content=\"da_DK\" \/>\n<meta property=\"og:type\" content=\"article\" \/>\n<meta property=\"og:title\" content=\"Terms and Conditions for Deductible - Mobilrepair.dk\" \/>\n<meta property=\"og:description\" content=\"Terms and Conditions for Deductible - Mobilrepair.dk -\" \/>\n<meta property=\"og:url\" content=\"https:\/\/mobilrepair.dk\/da\/terms-conditions-deductible\/\" \/>\n<meta property=\"og:site_name\" content=\"Mobilrepair.dk\" \/>\n<meta property=\"article:publisher\" content=\"https:\/\/www.facebook.com\/Mobilrepair.dk\/\" \/>\n<meta property=\"article:modified_time\" content=\"2025-01-21T13:03:57+00:00\" \/>\n<meta name=\"twitter:card\" content=\"summary_large_image\" \/>\n<meta name=\"twitter:label1\" content=\"Estimeret l\u00e6setid\" \/>\n\t<meta name=\"twitter:data1\" content=\"3 minutter\" \/>\n<script type=\"application\/ld+json\" class=\"yoast-schema-graph\">{\"@context\":\"https:\\\/\\\/schema.org\",\"@graph\":[{\"@type\":\"WebPage\",\"@id\":\"https:\\\/\\\/mobilrepair.dk\\\/da\\\/terms-conditions-deductible\\\/\",\"url\":\"https:\\\/\\\/mobilrepair.dk\\\/da\\\/terms-conditions-deductible\\\/\",\"name\":\"Terms and Conditions for Deductible - Mobilrepair.dk\",\"isPartOf\":{\"@id\":\"https:\\\/\\\/mobilrepair.dk\\\/da\\\/#website\"},\"datePublished\":\"2025-01-20T10:24:30+00:00\",\"dateModified\":\"2025-01-21T13:03:57+00:00\",\"description\":\"Terms and Conditions for Deductible - Mobilrepair.dk -\",\"breadcrumb\":{\"@id\":\"https:\\\/\\\/mobilrepair.dk\\\/da\\\/terms-conditions-deductible\\\/#breadcrumb\"},\"inLanguage\":\"da-DK\",\"potentialAction\":[{\"@type\":\"ReadAction\",\"target\":[\"https:\\\/\\\/mobilrepair.dk\\\/da\\\/terms-conditions-deductible\\\/\"]}]},{\"@type\":\"BreadcrumbList\",\"@id\":\"https:\\\/\\\/mobilrepair.dk\\\/da\\\/terms-conditions-deductible\\\/#breadcrumb\",\"itemListElement\":[{\"@type\":\"ListItem\",\"position\":1,\"name\":\"Home\",\"item\":\"https:\\\/\\\/mobilrepair.dk\\\/en\\\/\"},{\"@type\":\"ListItem\",\"position\":2,\"name\":\"Terms and Conditions for Deductible\"}]},{\"@type\":\"WebSite\",\"@id\":\"https:\\\/\\\/mobilrepair.dk\\\/da\\\/#website\",\"url\":\"https:\\\/\\\/mobilrepair.dk\\\/da\\\/\",\"name\":\"Mobilrepair.dk\",\"description\":\"Are you experiencing issues with your device? Then you have come to the right place! Our experienced technicians have the necessary expertise and knowledge to solve any type of problem on your smartphone, laptop, or tablet.\",\"publisher\":{\"@id\":\"https:\\\/\\\/mobilrepair.dk\\\/da\\\/#organization\"},\"alternateName\":\"Mobilrepair ApS\",\"potentialAction\":[{\"@type\":\"SearchAction\",\"target\":{\"@type\":\"EntryPoint\",\"urlTemplate\":\"https:\\\/\\\/mobilrepair.dk\\\/da\\\/?s={search_term_string}\"},\"query-input\":{\"@type\":\"PropertyValueSpecification\",\"valueRequired\":true,\"valueName\":\"search_term_string\"}}],\"inLanguage\":\"da-DK\"},{\"@type\":\"Organization\",\"@id\":\"https:\\\/\\\/mobilrepair.dk\\\/da\\\/#organization\",\"name\":\"Mobilrepair Aps\",\"alternateName\":\"Mobilrepair Helsing\u00f8r\",\"url\":\"https:\\\/\\\/mobilrepair.dk\\\/da\\\/\",\"logo\":{\"@type\":\"ImageObject\",\"inLanguage\":\"da-DK\",\"@id\":\"https:\\\/\\\/mobilrepair.dk\\\/da\\\/#\\\/schema\\\/logo\\\/image\\\/\",\"url\":\"https:\\\/\\\/mobilrepair.dk\\\/wp-content\\\/uploads\\\/2023\\\/01\\\/Mobilrepair-logo-PNG.png\",\"contentUrl\":\"https:\\\/\\\/mobilrepair.dk\\\/wp-content\\\/uploads\\\/2023\\\/01\\\/Mobilrepair-logo-PNG.png\",\"width\":1890,\"height\":260,\"caption\":\"Mobilrepair Aps\"},\"image\":{\"@id\":\"https:\\\/\\\/mobilrepair.dk\\\/da\\\/#\\\/schema\\\/logo\\\/image\\\/\"},\"sameAs\":[\"https:\\\/\\\/www.facebook.com\\\/Mobilrepair.dk\\\/\",\"https:\\\/\\\/www.instagram.com\\\/mobilrepair\\\/\"]}]}<\/script>\n<!-- \/ Yoast SEO plugin. -->","yoast_head_json":{"title":"Terms and Conditions for Deductible - Mobilrepair.dk","description":"Terms and Conditions for Deductible - Mobilrepair.dk -","robots":{"index":"index","follow":"follow","max-snippet":"max-snippet:-1","max-image-preview":"max-image-preview:large","max-video-preview":"max-video-preview:-1"},"canonical":"https:\/\/mobilrepair.dk\/da\/terms-conditions-deductible\/","og_locale":"da_DK","og_type":"article","og_title":"Terms and Conditions for Deductible - Mobilrepair.dk","og_description":"Terms and Conditions for Deductible - Mobilrepair.dk -","og_url":"https:\/\/mobilrepair.dk\/da\/terms-conditions-deductible\/","og_site_name":"Mobilrepair.dk","article_publisher":"https:\/\/www.facebook.com\/Mobilrepair.dk\/","article_modified_time":"2025-01-21T13:03:57+00:00","twitter_card":"summary_large_image","twitter_misc":{"Estimeret l\u00e6setid":"3 minutter"},"schema":{"@context":"https:\/\/schema.org","@graph":[{"@type":"WebPage","@id":"https:\/\/mobilrepair.dk\/da\/terms-conditions-deductible\/","url":"https:\/\/mobilrepair.dk\/da\/terms-conditions-deductible\/","name":"Terms and Conditions for Deductible - Mobilrepair.dk","isPartOf":{"@id":"https:\/\/mobilrepair.dk\/da\/#website"},"datePublished":"2025-01-20T10:24:30+00:00","dateModified":"2025-01-21T13:03:57+00:00","description":"Terms and Conditions for Deductible - Mobilrepair.dk -","breadcrumb":{"@id":"https:\/\/mobilrepair.dk\/da\/terms-conditions-deductible\/#breadcrumb"},"inLanguage":"da-DK","potentialAction":[{"@type":"ReadAction","target":["https:\/\/mobilrepair.dk\/da\/terms-conditions-deductible\/"]}]},{"@type":"BreadcrumbList","@id":"https:\/\/mobilrepair.dk\/da\/terms-conditions-deductible\/#breadcrumb","itemListElement":[{"@type":"ListItem","position":1,"name":"Home","item":"https:\/\/mobilrepair.dk\/en\/"},{"@type":"ListItem","position":2,"name":"Terms and Conditions for Deductible"}]},{"@type":"WebSite","@id":"https:\/\/mobilrepair.dk\/da\/#website","url":"https:\/\/mobilrepair.dk\/da\/","name":"Mobilrepair.dk","description":"Are you experiencing issues with your device? Then you have come to the right place! Our experienced technicians have the necessary expertise and knowledge to solve any type of problem on your smartphone, laptop, or tablet.","publisher":{"@id":"https:\/\/mobilrepair.dk\/da\/#organization"},"alternateName":"Mobilrepair ApS","potentialAction":[{"@type":"SearchAction","target":{"@type":"EntryPoint","urlTemplate":"https:\/\/mobilrepair.dk\/da\/?s={search_term_string}"},"query-input":{"@type":"PropertyValueSpecification","valueRequired":true,"valueName":"search_term_string"}}],"inLanguage":"da-DK"},{"@type":"Organization","@id":"https:\/\/mobilrepair.dk\/da\/#organization","name":"Mobilrepair Aps","alternateName":"Mobilrepair Helsing\u00f8r","url":"https:\/\/mobilrepair.dk\/da\/","logo":{"@type":"ImageObject","inLanguage":"da-DK","@id":"https:\/\/mobilrepair.dk\/da\/#\/schema\/logo\/image\/","url":"https:\/\/mobilrepair.dk\/wp-content\/uploads\/2023\/01\/Mobilrepair-logo-PNG.png","contentUrl":"https:\/\/mobilrepair.dk\/wp-content\/uploads\/2023\/01\/Mobilrepair-logo-PNG.png","width":1890,"height":260,"caption":"Mobilrepair Aps"},"image":{"@id":"https:\/\/mobilrepair.dk\/da\/#\/schema\/logo\/image\/"},"sameAs":["https:\/\/www.facebook.com\/Mobilrepair.dk\/","https:\/\/www.instagram.com\/mobilrepair\/"]}]}},"_links":{"self":[{"href":"https:\/\/mobilrepair.dk\/da\/wp-json\/wp\/v2\/pages\/10266","targetHints":{"allow":["GET"]}}],"collection":[{"href":"https:\/\/mobilrepair.dk\/da\/wp-json\/wp\/v2\/pages"}],"about":[{"href":"https:\/\/mobilrepair.dk\/da\/wp-json\/wp\/v2\/types\/page"}],"author":[{"embeddable":true,"href":"https:\/\/mobilrepair.dk\/da\/wp-json\/wp\/v2\/users\/1"}],"replies":[{"embeddable":true,"href":"https:\/\/mobilrepair.dk\/da\/wp-json\/wp\/v2\/comments?post=10266"}],"version-history":[{"count":21,"href":"https:\/\/mobilrepair.dk\/da\/wp-json\/wp\/v2\/pages\/10266\/revisions"}],"predecessor-version":[{"id":10299,"href":"https:\/\/mobilrepair.dk\/da\/wp-json\/wp\/v2\/pages\/10266\/revisions\/10299"}],"wp:attachment":[{"href":"https:\/\/mobilrepair.dk\/da\/wp-json\/wp\/v2\/media?parent=10266"}],"curies":[{"name":"wp","href":"https:\/\/api.w.org\/{rel}","templated":true}]}}